{"id":8191,"date":"2022-05-28T17:41:26","date_gmt":"2022-05-28T11:41:26","guid":{"rendered":"https:\/\/paradiseproductscr.com\/product\/asafate-petit-dejeuner-3\/"},"modified":"2024-01-06T12:43:48","modified_gmt":"2024-01-06T06:43:48","slug":"asafate-petit-dejeuner-3","status":"publish","type":"product","link":"https:\/\/paradiseproductscr.com\/fr\/produit\/asafate-petit-dejeuner-3\/","title":{"rendered":"Asafate Petit d\u00e9jeuner"},"content":{"rendered":"<p>Bar \u00e0 petit-d\u00e9jeuner en bois, de couleur rouge, d\u00e9cor\u00e9 \u00e0 la main \u00e0 Sarchi Costa Rica.<\/p>\n","protected":false},"excerpt":{"rendered":"<p>Bar \u00e0 petit-d\u00e9jeuner en bois, de couleur rouge, d\u00e9cor\u00e9 \u00e0 la main \u00e0 Sarchi Costa Rica.<\/p>\n","protected":false},"featured_media":0,"comment_status":"open","ping_status":"closed","template":"","meta":[],"etheme_brands":[],"product_brand":[],"product_cat":[642],"product_tag":[],"class_list":{"0":"post-8191","1":"product","2":"type-product","3":"status-publish","5":"product_cat-uncategorized-fr","7":"first","8":"instock","9":"taxable","10":"shipping-taxable","11":"product-type-simple"},"exclude_global_add_ons":[],"addons":[],"_links":{"self":[{"href":"https:\/\/paradiseproductscr.com\/fr\/wp-json\/wp\/v2\/product\/8191","targetHints":{"allow":["GET"]}}],"collection":[{"href":"https:\/\/paradiseproductscr.com\/fr\/wp-json\/wp\/v2\/product"}],"about":[{"href":"https:\/\/paradiseproductscr.com\/fr\/wp-json\/wp\/v2\/types\/product"}],"replies":[{"embeddable":true,"href":"https:\/\/paradiseproductscr.com\/fr\/wp-json\/wp\/v2\/comments?post=8191"}],"version-history":[{"count":1,"href":"https:\/\/paradiseproductscr.com\/fr\/wp-json\/wp\/v2\/product\/8191\/revisions"}],"predecessor-version":[{"id":8218,"href":"https:\/\/paradiseproductscr.com\/fr\/wp-json\/wp\/v2\/product\/8191\/revisions\/8218"}],"wp:attachment":[{"href":"https:\/\/paradiseproductscr.com\/fr\/wp-json\/wp\/v2\/media?parent=8191"}],"wp:term":[{"taxonomy":"brand","embeddable":true,"href":"https:\/\/paradiseproductscr.com\/fr\/wp-json\/wp\/v2\/etheme_brands?post=8191"},{"taxonomy":"product_brand","embeddable":true,"href":"https:\/\/paradiseproductscr.com\/fr\/wp-json\/wp\/v2\/product_brand?post=8191"},{"taxonomy":"product_cat","embeddable":true,"href":"https:\/\/paradiseproductscr.com\/fr\/wp-json\/wp\/v2\/product_cat?post=8191"},{"taxonomy":"product_tag","embeddable":true,"href":"https:\/\/paradiseproductscr.com\/fr\/wp-json\/wp\/v2\/product_tag?post=8191"}],"curies":[{"name":"wp","href":"https:\/\/api.w.org\/{rel}","templated":true}]}}