{"id":8204,"date":"2022-05-28T17:18:04","date_gmt":"2022-05-28T11:18:04","guid":{"rendered":"https:\/\/paradiseproductscr.com\/product\/boite-a-bijoux-de-honguito\/"},"modified":"2022-05-28T17:18:04","modified_gmt":"2022-05-28T11:18:04","slug":"boite-a-bijoux-de-honguito","status":"publish","type":"product","link":"https:\/\/paradiseproductscr.com\/fr\/produit\/boite-a-bijoux-de-honguito\/","title":{"rendered":"Bo\u00eete \u00e0 bijoux de Honguito"},"content":{"rendered":"<h1>Bo\u00eete \u00e0 bijoux en argile<\/h1>\n<h3> Motif de champignon avec grenouille<\/h3>\n<p>Bo\u00eete \u00e0 bijoux en argile peinte \u00e0 la main. Le champignon a des trous pour les boucles d&rsquo;oreilles et la base est parfaite pour les bagues ou les bracelets.<\/p>\n<p>100% fait \u00e0 la main par Machala artstudio<\/p>\n<p>Produits fabriqu\u00e9s au Costa Rica<\/p>\n","protected":false},"excerpt":{"rendered":"<h1>Bo\u00eete \u00e0 bijoux en argile<\/h1>\n<h3> Motif de champignon avec grenouille<\/h3>\n<p>Bo\u00eete \u00e0 bijoux en argile peinte \u00e0 la main. Le champignon a des trous pour les boucles d&rsquo;oreilles et la base est parfaite pour les bagues ou les bracelets.<\/p>\n<p>100% fait \u00e0 la main par Machala artstudio<\/p>\n<p>Produits fabriqu\u00e9s au Costa Rica<\/p>\n","protected":false},"featured_media":5700,"comment_status":"open","ping_status":"closed","template":"","meta":[],"etheme_brands":[],"product_brand":[],"product_cat":[580,579],"product_tag":[650,584,652,582,651,590],"class_list":{"0":"post-8204","1":"product","2":"type-product","3":"status-publish","4":"has-post-thumbnail","6":"product_cat-decoration-fr","7":"product_cat-foyer","8":"product_tag-argile","9":"product_tag-artisanal-fr","10":"product_tag-boite-a-bijoux","11":"product_tag-decoration-fr","12":"product_tag-machala-artstudio-fr","13":"product_tag-peint-a-la-main","15":"first","16":"outofstock","17":"taxable","18":"shipping-taxable","19":"purchasable","20":"product-type-simple"},"exclude_global_add_ons":[],"addons":[],"_links":{"self":[{"href":"https:\/\/paradiseproductscr.com\/fr\/wp-json\/wp\/v2\/product\/8204","targetHints":{"allow":["GET"]}}],"collection":[{"href":"https:\/\/paradiseproductscr.com\/fr\/wp-json\/wp\/v2\/product"}],"about":[{"href":"https:\/\/paradiseproductscr.com\/fr\/wp-json\/wp\/v2\/types\/product"}],"replies":[{"embeddable":true,"href":"https:\/\/paradiseproductscr.com\/fr\/wp-json\/wp\/v2\/comments?post=8204"}],"version-history":[{"count":0,"href":"https:\/\/paradiseproductscr.com\/fr\/wp-json\/wp\/v2\/product\/8204\/revisions"}],"wp:featuredmedia":[{"embeddable":true,"href":"https:\/\/paradiseproductscr.com\/fr\/wp-json\/wp\/v2\/media\/5700"}],"wp:attachment":[{"href":"https:\/\/paradiseproductscr.com\/fr\/wp-json\/wp\/v2\/media?parent=8204"}],"wp:term":[{"taxonomy":"brand","embeddable":true,"href":"https:\/\/paradiseproductscr.com\/fr\/wp-json\/wp\/v2\/etheme_brands?post=8204"},{"taxonomy":"product_brand","embeddable":true,"href":"https:\/\/paradiseproductscr.com\/fr\/wp-json\/wp\/v2\/product_brand?post=8204"},{"taxonomy":"product_cat","embeddable":true,"href":"https:\/\/paradiseproductscr.com\/fr\/wp-json\/wp\/v2\/product_cat?post=8204"},{"taxonomy":"product_tag","embeddable":true,"href":"https:\/\/paradiseproductscr.com\/fr\/wp-json\/wp\/v2\/product_tag?post=8204"}],"curies":[{"name":"wp","href":"https:\/\/api.w.org\/{rel}","templated":true}]}}