{"id":8205,"date":"2022-05-28T17:18:04","date_gmt":"2022-05-28T11:18:04","guid":{"rendered":"https:\/\/paradiseproductscr.com\/product\/boite-a-bijoux-en-poulpe\/"},"modified":"2024-01-06T11:11:40","modified_gmt":"2024-01-06T05:11:40","slug":"boite-a-bijoux-en-poulpe","status":"publish","type":"product","link":"https:\/\/paradiseproductscr.com\/fr\/produit\/boite-a-bijoux-en-poulpe\/","title":{"rendered":"Bo\u00eete \u00e0 bijoux en poulpe"},"content":{"rendered":"<h1>Bo\u00eete \u00e0 bijoux en argile<\/h1>\n<h3> Dessin de pieuvre<\/h3>\n<p>Bo\u00eete \u00e0 bijoux en argile peinte \u00e0 la main, la pieuvre est con\u00e7ue pour accueillir vos bagues et vos bijoux.<\/p>\n<p>100% fait \u00e0 la main par Machala artstudio<\/p>\n<p>Produits fabriqu\u00e9s au Costa Rica<\/p>\n","protected":false},"excerpt":{"rendered":"<h1>Bo\u00eete \u00e0 bijoux en argile<\/h1>\n<h3> Dessin de pieuvre<\/h3>\n<p>Bo\u00eete \u00e0 bijoux en argile peinte \u00e0 la main, la pieuvre est con\u00e7ue pour accueillir vos bagues et vos bijoux.<\/p>\n<p>100% fait \u00e0 la main par Machala artstudio<\/p>\n<p>Produits fabriqu\u00e9s au Costa Rica<\/p>\n","protected":false},"featured_media":5702,"comment_status":"open","ping_status":"closed","template":"","meta":[],"etheme_brands":[],"product_brand":[],"product_cat":[643,580,579],"product_tag":[650,584,652,582,651,590],"class_list":{"0":"post-8205","1":"product","2":"type-product","3":"status-publish","4":"has-post-thumbnail","6":"product_cat-bijou","7":"product_cat-decoration-fr","8":"product_cat-foyer","9":"product_tag-argile","10":"product_tag-artisanal-fr","11":"product_tag-boite-a-bijoux","12":"product_tag-decoration-fr","13":"product_tag-machala-artstudio-fr","14":"product_tag-peint-a-la-main","16":"first","17":"outofstock","18":"taxable","19":"shipping-taxable","20":"purchasable","21":"product-type-simple"},"exclude_global_add_ons":[],"addons":[],"_links":{"self":[{"href":"https:\/\/paradiseproductscr.com\/fr\/wp-json\/wp\/v2\/product\/8205","targetHints":{"allow":["GET"]}}],"collection":[{"href":"https:\/\/paradiseproductscr.com\/fr\/wp-json\/wp\/v2\/product"}],"about":[{"href":"https:\/\/paradiseproductscr.com\/fr\/wp-json\/wp\/v2\/types\/product"}],"replies":[{"embeddable":true,"href":"https:\/\/paradiseproductscr.com\/fr\/wp-json\/wp\/v2\/comments?post=8205"}],"version-history":[{"count":1,"href":"https:\/\/paradiseproductscr.com\/fr\/wp-json\/wp\/v2\/product\/8205\/revisions"}],"predecessor-version":[{"id":8207,"href":"https:\/\/paradiseproductscr.com\/fr\/wp-json\/wp\/v2\/product\/8205\/revisions\/8207"}],"wp:featuredmedia":[{"embeddable":true,"href":"https:\/\/paradiseproductscr.com\/fr\/wp-json\/wp\/v2\/media\/5702"}],"wp:attachment":[{"href":"https:\/\/paradiseproductscr.com\/fr\/wp-json\/wp\/v2\/media?parent=8205"}],"wp:term":[{"taxonomy":"brand","embeddable":true,"href":"https:\/\/paradiseproductscr.com\/fr\/wp-json\/wp\/v2\/etheme_brands?post=8205"},{"taxonomy":"product_brand","embeddable":true,"href":"https:\/\/paradiseproductscr.com\/fr\/wp-json\/wp\/v2\/product_brand?post=8205"},{"taxonomy":"product_cat","embeddable":true,"href":"https:\/\/paradiseproductscr.com\/fr\/wp-json\/wp\/v2\/product_cat?post=8205"},{"taxonomy":"product_tag","embeddable":true,"href":"https:\/\/paradiseproductscr.com\/fr\/wp-json\/wp\/v2\/product_tag?post=8205"}],"curies":[{"name":"wp","href":"https:\/\/api.w.org\/{rel}","templated":true}]}}