{"id":8215,"date":"2022-05-28T17:18:03","date_gmt":"2022-05-28T11:18:03","guid":{"rendered":"https:\/\/paradiseproductscr.com\/product\/theiere-personnalisee\/"},"modified":"2022-05-28T17:18:03","modified_gmt":"2022-05-28T11:18:03","slug":"theiere-personnalisee","status":"publish","type":"product","link":"https:\/\/paradiseproductscr.com\/fr\/produit\/theiere-personnalisee\/","title":{"rendered":"Th\u00e9i\u00e8re Personnalis\u00e9e"},"content":{"rendered":"<h1>Th\u00e9i\u00e8re en porcelaine<\/h1>\n<h3> Design personnalis\u00e9<\/h3>\n<p>Th\u00e9i\u00e8re de d\u00e9coration, peinte \u00e0 la main avec Designs personnalis\u00e9s fabriqu\u00e9s par , commune du Costa Rica.<\/p>\n<p>100% fait \u00e0 la main par Machala artstudio<\/p>\n","protected":false},"excerpt":{"rendered":"<h1>Th\u00e9i\u00e8re en porcelaine<\/h1>\n<h3> Dessin de grenouille<\/h3>\n<p>Th\u00e9i\u00e8re de d\u00e9coration, peinte \u00e0 la main avec de l\u2019acrylique d\u2019une grenouille verte aux yeux rouges, commune du Costa Rica.<\/p>\n<p>100% fait \u00e0 la main par Machala artstudio<\/p>\n","protected":false},"featured_media":5688,"comment_status":"open","ping_status":"closed","template":"","meta":[],"etheme_brands":[],"product_brand":[],"product_cat":[580,579],"product_tag":[584,582,651,590,663,662],"class_list":{"0":"post-8215","1":"product","2":"type-product","3":"status-publish","4":"has-post-thumbnail","6":"product_cat-decoration-fr","7":"product_cat-foyer","8":"product_tag-artisanal-fr","9":"product_tag-decoration-fr","10":"product_tag-machala-artstudio-fr","11":"product_tag-peint-a-la-main","12":"product_tag-porcelaine","13":"product_tag-theiere","15":"first","16":"outofstock","17":"taxable","18":"shipping-taxable","19":"purchasable","20":"product-type-simple"},"exclude_global_add_ons":[],"addons":[],"_links":{"self":[{"href":"https:\/\/paradiseproductscr.com\/fr\/wp-json\/wp\/v2\/product\/8215","targetHints":{"allow":["GET"]}}],"collection":[{"href":"https:\/\/paradiseproductscr.com\/fr\/wp-json\/wp\/v2\/product"}],"about":[{"href":"https:\/\/paradiseproductscr.com\/fr\/wp-json\/wp\/v2\/types\/product"}],"replies":[{"embeddable":true,"href":"https:\/\/paradiseproductscr.com\/fr\/wp-json\/wp\/v2\/comments?post=8215"}],"version-history":[{"count":0,"href":"https:\/\/paradiseproductscr.com\/fr\/wp-json\/wp\/v2\/product\/8215\/revisions"}],"wp:featuredmedia":[{"embeddable":true,"href":"https:\/\/paradiseproductscr.com\/fr\/wp-json\/wp\/v2\/media\/5688"}],"wp:attachment":[{"href":"https:\/\/paradiseproductscr.com\/fr\/wp-json\/wp\/v2\/media?parent=8215"}],"wp:term":[{"taxonomy":"brand","embeddable":true,"href":"https:\/\/paradiseproductscr.com\/fr\/wp-json\/wp\/v2\/etheme_brands?post=8215"},{"taxonomy":"product_brand","embeddable":true,"href":"https:\/\/paradiseproductscr.com\/fr\/wp-json\/wp\/v2\/product_brand?post=8215"},{"taxonomy":"product_cat","embeddable":true,"href":"https:\/\/paradiseproductscr.com\/fr\/wp-json\/wp\/v2\/product_cat?post=8215"},{"taxonomy":"product_tag","embeddable":true,"href":"https:\/\/paradiseproductscr.com\/fr\/wp-json\/wp\/v2\/product_tag?post=8215"}],"curies":[{"name":"wp","href":"https:\/\/api.w.org\/{rel}","templated":true}]}}