{"id":8216,"date":"2022-05-28T17:18:03","date_gmt":"2022-05-28T11:18:03","guid":{"rendered":"https:\/\/paradiseproductscr.com\/product\/bague-en-amethyste-brute\/"},"modified":"2022-05-28T17:18:03","modified_gmt":"2022-05-28T11:18:03","slug":"bague-en-amethyste-brute","status":"publish","type":"product","link":"https:\/\/paradiseproductscr.com\/fr\/produit\/bague-en-amethyste-brute\/","title":{"rendered":"Bague en Am\u00e9thyste Brute"},"content":{"rendered":"<h1>Bague en Argent 9.25<\/h1>\n<h3>Anneau de grenouille<\/h3>\n<p>Bague en argent avec motif grenouille, avec pierre am\u00e9thyste brute et naturelle, faite \u00e0 la main \u00e0 100% au Costa Rica.<\/p>\n<p>Bijoux fabriqu\u00e9s \u00e0 la main<\/p>\n<p>Pi\u00e8ce unique<\/p>\n<p>&nbsp;<\/p>\n<p>&nbsp;<\/p>\n<p>&nbsp;<\/p>\n","protected":false},"excerpt":{"rendered":"<h1>Bague en Argent 9.25<\/h1>\n<h3>Anneau de grenouille<\/h3>\n<p>Bague en argent avec motif grenouille, avec pierre am\u00e9thyste brute et naturelle, faite \u00e0 la main \u00e0 100% au Costa Rica.<\/p>\n<p>Bijoux fabriqu\u00e9s \u00e0 la main<\/p>\n<p>Pi\u00e8ce unique<\/p>\n<p>&nbsp;<\/p>\n","protected":false},"featured_media":5690,"comment_status":"open","ping_status":"closed","template":"","meta":[],"etheme_brands":[],"product_brand":[],"product_cat":[643],"product_tag":[668,667,645,584,644,649,648,669,646,647],"class_list":{"0":"post-8216","1":"product","2":"type-product","3":"status-publish","4":"has-post-thumbnail","6":"product_cat-bijou","7":"product_tag-amatista-fr","8":"product_tag-anneau","9":"product_tag-argent-925","10":"product_tag-artisanal-fr","11":"product_tag-bijou","12":"product_tag-bijou-fr","13":"product_tag-perle-de-culture","14":"product_tag-piece-unique","15":"product_tag-vega-valeriano-fr","16":"product_tag-venturina-bleu","18":"first","19":"outofstock","20":"taxable","21":"shipping-taxable","22":"purchasable","23":"product-type-simple"},"exclude_global_add_ons":[],"addons":[],"_links":{"self":[{"href":"https:\/\/paradiseproductscr.com\/fr\/wp-json\/wp\/v2\/product\/8216","targetHints":{"allow":["GET"]}}],"collection":[{"href":"https:\/\/paradiseproductscr.com\/fr\/wp-json\/wp\/v2\/product"}],"about":[{"href":"https:\/\/paradiseproductscr.com\/fr\/wp-json\/wp\/v2\/types\/product"}],"replies":[{"embeddable":true,"href":"https:\/\/paradiseproductscr.com\/fr\/wp-json\/wp\/v2\/comments?post=8216"}],"version-history":[{"count":0,"href":"https:\/\/paradiseproductscr.com\/fr\/wp-json\/wp\/v2\/product\/8216\/revisions"}],"wp:featuredmedia":[{"embeddable":true,"href":"https:\/\/paradiseproductscr.com\/fr\/wp-json\/wp\/v2\/media\/5690"}],"wp:attachment":[{"href":"https:\/\/paradiseproductscr.com\/fr\/wp-json\/wp\/v2\/media?parent=8216"}],"wp:term":[{"taxonomy":"brand","embeddable":true,"href":"https:\/\/paradiseproductscr.com\/fr\/wp-json\/wp\/v2\/etheme_brands?post=8216"},{"taxonomy":"product_brand","embeddable":true,"href":"https:\/\/paradiseproductscr.com\/fr\/wp-json\/wp\/v2\/product_brand?post=8216"},{"taxonomy":"product_cat","embeddable":true,"href":"https:\/\/paradiseproductscr.com\/fr\/wp-json\/wp\/v2\/product_cat?post=8216"},{"taxonomy":"product_tag","embeddable":true,"href":"https:\/\/paradiseproductscr.com\/fr\/wp-json\/wp\/v2\/product_tag?post=8216"}],"curies":[{"name":"wp","href":"https:\/\/api.w.org\/{rel}","templated":true}]}}