{"id":8225,"date":"2022-05-28T17:18:02","date_gmt":"2022-05-28T11:18:02","guid":{"rendered":"https:\/\/paradiseproductscr.com\/product\/anneau-emeraude\/"},"modified":"2022-05-28T17:18:02","modified_gmt":"2022-05-28T11:18:02","slug":"anneau-emeraude","status":"publish","type":"product","link":"https:\/\/paradiseproductscr.com\/fr\/produit\/anneau-emeraude\/","title":{"rendered":"Anneau \u00e9meraude"},"content":{"rendered":"<h1>Bague en argent<\/h1>\n<h3>\u00c9meraude<\/h3>\n<p>Bague en argent 925 faite \u00e0 la main, avec un design d\u2019aile \u00e0 c\u00f4t\u00e9 d\u2019une gemme \u00e9meraude originale, avec un design unique \u00e0 100%<\/p>\n<p>Bijoux faits main au Costa Rica.<\/p>\n","protected":false},"excerpt":{"rendered":"<h1>Bague en argent<\/h1>\n<h3>\u00c9meraude<\/h3>\n<p>Bague en argent 925 faite \u00e0 la main, avec un design d\u2019aile \u00e0 c\u00f4t\u00e9 d\u2019une gemme \u00e9meraude originale, avec un design unique \u00e0 100%<\/p>\n<p>Bijoux faits main au Costa Rica.<\/p>\n","protected":false},"featured_media":5652,"comment_status":"open","ping_status":"closed","template":"","meta":[],"etheme_brands":[],"product_brand":[],"product_cat":[643],"product_tag":[653,667,658,645,660,644,659,581,673,654,646],"class_list":{"0":"post-8225","1":"product","2":"type-product","3":"status-publish","4":"has-post-thumbnail","6":"product_cat-bijou","7":"product_tag-accessoires","8":"product_tag-anneau","9":"product_tag-argent","10":"product_tag-argent-925","11":"product_tag-arsanal-fr","12":"product_tag-bijou","13":"product_tag-bijoux","14":"product_tag-costa-rica-fr","15":"product_tag-emeraude","16":"product_tag-fait-a-la-main","17":"product_tag-vega-valeriano-fr","19":"first","20":"outofstock","21":"taxable","22":"shipping-taxable","23":"purchasable","24":"product-type-simple"},"exclude_global_add_ons":[],"addons":[],"_links":{"self":[{"href":"https:\/\/paradiseproductscr.com\/fr\/wp-json\/wp\/v2\/product\/8225","targetHints":{"allow":["GET"]}}],"collection":[{"href":"https:\/\/paradiseproductscr.com\/fr\/wp-json\/wp\/v2\/product"}],"about":[{"href":"https:\/\/paradiseproductscr.com\/fr\/wp-json\/wp\/v2\/types\/product"}],"replies":[{"embeddable":true,"href":"https:\/\/paradiseproductscr.com\/fr\/wp-json\/wp\/v2\/comments?post=8225"}],"version-history":[{"count":0,"href":"https:\/\/paradiseproductscr.com\/fr\/wp-json\/wp\/v2\/product\/8225\/revisions"}],"wp:featuredmedia":[{"embeddable":true,"href":"https:\/\/paradiseproductscr.com\/fr\/wp-json\/wp\/v2\/media\/5652"}],"wp:attachment":[{"href":"https:\/\/paradiseproductscr.com\/fr\/wp-json\/wp\/v2\/media?parent=8225"}],"wp:term":[{"taxonomy":"brand","embeddable":true,"href":"https:\/\/paradiseproductscr.com\/fr\/wp-json\/wp\/v2\/etheme_brands?post=8225"},{"taxonomy":"product_brand","embeddable":true,"href":"https:\/\/paradiseproductscr.com\/fr\/wp-json\/wp\/v2\/product_brand?post=8225"},{"taxonomy":"product_cat","embeddable":true,"href":"https:\/\/paradiseproductscr.com\/fr\/wp-json\/wp\/v2\/product_cat?post=8225"},{"taxonomy":"product_tag","embeddable":true,"href":"https:\/\/paradiseproductscr.com\/fr\/wp-json\/wp\/v2\/product_tag?post=8225"}],"curies":[{"name":"wp","href":"https:\/\/api.w.org\/{rel}","templated":true}]}}