{"id":8226,"date":"2022-05-28T17:18:02","date_gmt":"2022-05-28T11:18:02","guid":{"rendered":"https:\/\/paradiseproductscr.com\/product\/boucles-doreilles-en-cristal-de-lune\/"},"modified":"2022-05-28T17:18:02","modified_gmt":"2022-05-28T11:18:02","slug":"boucles-doreilles-en-cristal-de-lune","status":"publish","type":"product","link":"https:\/\/paradiseproductscr.com\/fr\/produit\/boucles-doreilles-en-cristal-de-lune\/","title":{"rendered":"Boucles d\u2019oreilles en cristal de lune"},"content":{"rendered":"<h1>Boucles d\u2019oreilles demi-lune<\/h1>\n<h1><span style=\"font-size: 16px;\">Boucles d\u2019oreilles en cristal de style Swarovski<\/span><\/h1>\n<p>Bijouterie artisanale en argent 925, avec cristaux originaux.<\/p>\n<p>Fabriqu\u00e9 100% \u00e0 la main par des artistes \u00e0 Joyeria, Costa Rica.<\/p>\n","protected":false},"excerpt":{"rendered":"<h1>Boucles d\u2019oreilles demi-lune<\/h1>\n<h1><span style=\"font-size: 16px;\">Boucles d\u2019oreilles en cristal de style Swarovski<\/span><\/h1>\n<p>Bijouterie artisanale en argent 925, avec cristaux originaux.<\/p>\n<p>Fabriqu\u00e9 100% \u00e0 la main par des artistes \u00e0 Joyeria, Costa Rica.<\/p>\n","protected":false},"featured_media":5654,"comment_status":"open","ping_status":"closed","template":"","meta":[],"etheme_brands":[],"product_brand":[],"product_cat":[643],"product_tag":[653,658,584,644,659,656,657,581,655,654,646],"class_list":{"0":"post-8226","1":"product","2":"type-product","3":"status-publish","4":"has-post-thumbnail","6":"product_cat-bijou","7":"product_tag-accessoires","8":"product_tag-argent","9":"product_tag-artisanal-fr","10":"product_tag-bijou","11":"product_tag-bijoux","12":"product_tag-boucles-doreilles","13":"product_tag-boucles-doreilles-fr","14":"product_tag-costa-rica-fr","15":"product_tag-cristales-fr","16":"product_tag-fait-a-la-main","17":"product_tag-vega-valeriano-fr","19":"first","20":"outofstock","21":"taxable","22":"shipping-taxable","23":"purchasable","24":"product-type-simple"},"exclude_global_add_ons":[],"addons":[],"_links":{"self":[{"href":"https:\/\/paradiseproductscr.com\/fr\/wp-json\/wp\/v2\/product\/8226","targetHints":{"allow":["GET"]}}],"collection":[{"href":"https:\/\/paradiseproductscr.com\/fr\/wp-json\/wp\/v2\/product"}],"about":[{"href":"https:\/\/paradiseproductscr.com\/fr\/wp-json\/wp\/v2\/types\/product"}],"replies":[{"embeddable":true,"href":"https:\/\/paradiseproductscr.com\/fr\/wp-json\/wp\/v2\/comments?post=8226"}],"version-history":[{"count":0,"href":"https:\/\/paradiseproductscr.com\/fr\/wp-json\/wp\/v2\/product\/8226\/revisions"}],"wp:featuredmedia":[{"embeddable":true,"href":"https:\/\/paradiseproductscr.com\/fr\/wp-json\/wp\/v2\/media\/5654"}],"wp:attachment":[{"href":"https:\/\/paradiseproductscr.com\/fr\/wp-json\/wp\/v2\/media?parent=8226"}],"wp:term":[{"taxonomy":"brand","embeddable":true,"href":"https:\/\/paradiseproductscr.com\/fr\/wp-json\/wp\/v2\/etheme_brands?post=8226"},{"taxonomy":"product_brand","embeddable":true,"href":"https:\/\/paradiseproductscr.com\/fr\/wp-json\/wp\/v2\/product_brand?post=8226"},{"taxonomy":"product_cat","embeddable":true,"href":"https:\/\/paradiseproductscr.com\/fr\/wp-json\/wp\/v2\/product_cat?post=8226"},{"taxonomy":"product_tag","embeddable":true,"href":"https:\/\/paradiseproductscr.com\/fr\/wp-json\/wp\/v2\/product_tag?post=8226"}],"curies":[{"name":"wp","href":"https:\/\/api.w.org\/{rel}","templated":true}]}}