{"id":8231,"date":"2022-05-28T17:17:37","date_gmt":"2022-05-28T11:17:37","guid":{"rendered":"https:\/\/paradiseproductscr.com\/product\/chaise-double-pour-lexterieur\/"},"modified":"2022-05-28T17:17:37","modified_gmt":"2022-05-28T11:17:37","slug":"chaise-double-pour-lexterieur","status":"publish","type":"product","link":"https:\/\/paradiseproductscr.com\/fr\/produit\/chaise-double-pour-lexterieur\/","title":{"rendered":"Chaise double pour l&rsquo;ext\u00e9rieur"},"content":{"rendered":"<p>Notre ensemble Twin pour l&rsquo;ext\u00e9rieur est une chaise ou un canap\u00e9 double fabriqu\u00e9 dans le meilleur bois, enti\u00e8rement fait \u00e0 la main \u00e0 Sarchi, au Costa Rica.<\/p>\n<p>Vente exclusive pour le Costa Rica.<\/p>\n","protected":false},"excerpt":{"rendered":"<p>Notre ensemble Twin pour l&rsquo;ext\u00e9rieur est une chaise ou un canap\u00e9 double fabriqu\u00e9 dans le meilleur bois, enti\u00e8rement fait \u00e0 la main \u00e0 Sarchi, au Costa Rica.<\/p>\n<p>Vente exclusive pour le Costa Rica.<\/p>\n","protected":false},"featured_media":5584,"comment_status":"closed","ping_status":"closed","template":"","meta":[],"etheme_brands":[],"product_brand":[],"product_cat":[579,638],"product_tag":[584,588,680,681,581,682,591,674,679],"class_list":{"0":"post-8231","1":"product","2":"type-product","3":"status-publish","4":"has-post-thumbnail","6":"product_cat-foyer","7":"product_cat-meubles-fr","8":"product_tag-artisanal-fr","9":"product_tag-bois","10":"product_tag-canape","11":"product_tag-chaise","12":"product_tag-costa-rica-fr","13":"product_tag-double-fr","14":"product_tag-sarchi-fr","15":"product_tag-sarchi-virtual-fr","16":"product_tag-set-fr","18":"first","19":"instock","20":"taxable","21":"shipping-taxable","22":"purchasable","23":"product-type-simple"},"exclude_global_add_ons":[],"addons":[],"_links":{"self":[{"href":"https:\/\/paradiseproductscr.com\/fr\/wp-json\/wp\/v2\/product\/8231","targetHints":{"allow":["GET"]}}],"collection":[{"href":"https:\/\/paradiseproductscr.com\/fr\/wp-json\/wp\/v2\/product"}],"about":[{"href":"https:\/\/paradiseproductscr.com\/fr\/wp-json\/wp\/v2\/types\/product"}],"replies":[{"embeddable":true,"href":"https:\/\/paradiseproductscr.com\/fr\/wp-json\/wp\/v2\/comments?post=8231"}],"version-history":[{"count":0,"href":"https:\/\/paradiseproductscr.com\/fr\/wp-json\/wp\/v2\/product\/8231\/revisions"}],"wp:featuredmedia":[{"embeddable":true,"href":"https:\/\/paradiseproductscr.com\/fr\/wp-json\/wp\/v2\/media\/5584"}],"wp:attachment":[{"href":"https:\/\/paradiseproductscr.com\/fr\/wp-json\/wp\/v2\/media?parent=8231"}],"wp:term":[{"taxonomy":"brand","embeddable":true,"href":"https:\/\/paradiseproductscr.com\/fr\/wp-json\/wp\/v2\/etheme_brands?post=8231"},{"taxonomy":"product_brand","embeddable":true,"href":"https:\/\/paradiseproductscr.com\/fr\/wp-json\/wp\/v2\/product_brand?post=8231"},{"taxonomy":"product_cat","embeddable":true,"href":"https:\/\/paradiseproductscr.com\/fr\/wp-json\/wp\/v2\/product_cat?post=8231"},{"taxonomy":"product_tag","embeddable":true,"href":"https:\/\/paradiseproductscr.com\/fr\/wp-json\/wp\/v2\/product_tag?post=8231"}],"curies":[{"name":"wp","href":"https:\/\/api.w.org\/{rel}","templated":true}]}}