{"id":8232,"date":"2022-05-28T17:17:37","date_gmt":"2022-05-28T11:17:37","guid":{"rendered":"https:\/\/paradiseproductscr.com\/product\/table-dordinateur\/"},"modified":"2024-01-07T04:31:53","modified_gmt":"2024-01-06T22:31:53","slug":"table-dordinateur","status":"publish","type":"product","link":"https:\/\/paradiseproductscr.com\/fr\/produit\/table-dordinateur\/","title":{"rendered":"Table d&rsquo;ordinateur"},"content":{"rendered":"<p>Table en bois, enti\u00e8rement fabriqu\u00e9e \u00e0 la main \u00e0 Sarchi, au Costa Rica, par les meilleurs artisans de la r\u00e9gion.<\/p>\n<p>Parfait pour l&rsquo;ordinateur, l&rsquo;ordinateur et plus encore.<\/p>\n<p>Vente exclusive pour le Costa Rica.<\/p>\n","protected":false},"excerpt":{"rendered":"<p>Table en bois, enti\u00e8rement fabriqu\u00e9e \u00e0 la main \u00e0 Sarchi, au Costa Rica, par les meilleurs artisans de la r\u00e9gion.<\/p>\n<p>Parfait pour l&rsquo;ordinateur, l&rsquo;ordinateur et plus encore.<\/p>\n<p>Vente exclusive pour le Costa Rica.<\/p>\n","protected":false},"featured_media":5586,"comment_status":"closed","ping_status":"closed","template":"","meta":[],"etheme_brands":[],"product_brand":[],"product_cat":[579,638],"product_tag":[584,588,683,581,684,685,591,674,675],"class_list":{"0":"post-8232","1":"product","2":"type-product","3":"status-publish","4":"has-post-thumbnail","6":"product_cat-foyer","7":"product_cat-meubles-fr","8":"product_tag-artisanal-fr","9":"product_tag-bois","10":"product_tag-bureau","11":"product_tag-costa-rica-fr","12":"product_tag-ordinateur","13":"product_tag-ordinateur-fr","14":"product_tag-sarchi-fr","15":"product_tag-sarchi-virtual-fr","16":"product_tag-table-fr","18":"first","19":"onbackorder","20":"taxable","21":"shipping-taxable","22":"purchasable","23":"product-type-simple"},"exclude_global_add_ons":[],"addons":[],"_links":{"self":[{"href":"https:\/\/paradiseproductscr.com\/fr\/wp-json\/wp\/v2\/product\/8232","targetHints":{"allow":["GET"]}}],"collection":[{"href":"https:\/\/paradiseproductscr.com\/fr\/wp-json\/wp\/v2\/product"}],"about":[{"href":"https:\/\/paradiseproductscr.com\/fr\/wp-json\/wp\/v2\/types\/product"}],"replies":[{"embeddable":true,"href":"https:\/\/paradiseproductscr.com\/fr\/wp-json\/wp\/v2\/comments?post=8232"}],"version-history":[{"count":0,"href":"https:\/\/paradiseproductscr.com\/fr\/wp-json\/wp\/v2\/product\/8232\/revisions"}],"wp:featuredmedia":[{"embeddable":true,"href":"https:\/\/paradiseproductscr.com\/fr\/wp-json\/wp\/v2\/media\/5586"}],"wp:attachment":[{"href":"https:\/\/paradiseproductscr.com\/fr\/wp-json\/wp\/v2\/media?parent=8232"}],"wp:term":[{"taxonomy":"brand","embeddable":true,"href":"https:\/\/paradiseproductscr.com\/fr\/wp-json\/wp\/v2\/etheme_brands?post=8232"},{"taxonomy":"product_brand","embeddable":true,"href":"https:\/\/paradiseproductscr.com\/fr\/wp-json\/wp\/v2\/product_brand?post=8232"},{"taxonomy":"product_cat","embeddable":true,"href":"https:\/\/paradiseproductscr.com\/fr\/wp-json\/wp\/v2\/product_cat?post=8232"},{"taxonomy":"product_tag","embeddable":true,"href":"https:\/\/paradiseproductscr.com\/fr\/wp-json\/wp\/v2\/product_tag?post=8232"}],"curies":[{"name":"wp","href":"https:\/\/api.w.org\/{rel}","templated":true}]}}