{"id":8239,"date":"2022-05-28T17:17:37","date_gmt":"2022-05-28T23:17:37","guid":{"rendered":"https:\/\/paradiseproductscr.com\/product\/anneau-de-banane-encapsule-dans-la-resine\/"},"modified":"2022-05-28T17:17:37","modified_gmt":"2022-05-28T11:17:37","slug":"anneau-de-banane-encapsule-dans-la-resine","status":"publish","type":"product","link":"https:\/\/paradiseproductscr.com\/fr\/produit\/anneau-de-banane-encapsule-dans-la-resine\/","title":{"rendered":"Anneau de banane encapsul\u00e9 dans la r\u00e9sine"},"content":{"rendered":"<p>Anneau de banane encapsul\u00e9 dans de la r\u00e9sine.<\/p>\n","protected":false},"excerpt":{"rendered":"<p>Joyer\u00eda Frutal est une entreprise d\u00e9di\u00e9e \u00e0 la recherche, \u00e0 la conception et \u00e0 la fabrication d&rsquo;accessoires \u00e0 base de recyclage de v\u00e9g\u00e9taux organiques, principalement des fruits. Elle a \u00e9t\u00e9 cr\u00e9\u00e9e en 2000 gr\u00e2ce \u00e0 la vision de sa fondatrice Rosa Evelia Montenegro et d&rsquo;autres femmes qui font partie de l&rsquo;entreprise. Nous travaillons main dans la main avec l&rsquo;environnement et transformons en moyenne 7 \u00e0 8 tonnes de d\u00e9chets de fruits par an.<\/p>\n","protected":false},"featured_media":5602,"comment_status":"open","ping_status":"closed","template":"","meta":[],"etheme_brands":[],"product_brand":[],"product_cat":[643],"product_tag":[689,667,690,583,584,701,702,644,707,588,657,656,691,699,712,705,692,704,581,585,694,582,706,654,587,687,695,589,696,586,688,708,709,590,703,697,698,686,693,700,591,592,710,711],"class_list":{"0":"post-8239","1":"product","2":"type-product","3":"status-publish","4":"has-post-thumbnail","6":"product_cat-bijou","7":"product_tag-acier","8":"product_tag-anneau","9":"product_tag-anneaux","10":"product_tag-art-traditionnel","11":"product_tag-artisanal-fr","12":"product_tag-artisanat","13":"product_tag-banane","14":"product_tag-bijou","15":"product_tag-bijoux-en-fruits","16":"product_tag-bois","17":"product_tag-boucles-doreilles-fr","18":"product_tag-boucles-doreilles","19":"product_tag-bracelet-fr","20":"product_tag-bracelets-fr","21":"product_tag-cadeaux","22":"product_tag-collier","23":"product_tag-colliers","24":"product_tag-coloree","25":"product_tag-costa-rica-fr","26":"product_tag-cuisine","27":"product_tag-dame","28":"product_tag-decoration-fr","29":"product_tag-extravagant-fr","30":"product_tag-fait-a-la-main","31":"product_tag-foyer","32":"product_tag-fruits-fr","33":"product_tag-gravures","34":"product_tag-marque-nationale","35":"product_tag-metal-fr","36":"product_tag-modeles-traditionnels","37":"product_tag-naturel","38":"product_tag-orange-fr","39":"product_tag-original-fr","40":"product_tag-peint-a-la-main","41":"product_tag-pendentif","42":"product_tag-perle","43":"product_tag-pierres-precieuses","44":"product_tag-porte-cles","45":"product_tag-quartz-fr","46":"product_tag-roches","47":"product_tag-sarchi-fr","48":"product_tag-sarchivirtual-fr","49":"product_tag-semences","50":"product_tag-unique-fr","52":"first","53":"instock","54":"taxable","55":"shipping-taxable","56":"purchasable","57":"product-type-variable"},"exclude_global_add_ons":[],"addons":[],"_links":{"self":[{"href":"https:\/\/paradiseproductscr.com\/fr\/wp-json\/wp\/v2\/product\/8239","targetHints":{"allow":["GET"]}}],"collection":[{"href":"https:\/\/paradiseproductscr.com\/fr\/wp-json\/wp\/v2\/product"}],"about":[{"href":"https:\/\/paradiseproductscr.com\/fr\/wp-json\/wp\/v2\/types\/product"}],"replies":[{"embeddable":true,"href":"https:\/\/paradiseproductscr.com\/fr\/wp-json\/wp\/v2\/comments?post=8239"}],"version-history":[{"count":0,"href":"https:\/\/paradiseproductscr.com\/fr\/wp-json\/wp\/v2\/product\/8239\/revisions"}],"wp:featuredmedia":[{"embeddable":true,"href":"https:\/\/paradiseproductscr.com\/fr\/wp-json\/wp\/v2\/media\/5602"}],"wp:attachment":[{"href":"https:\/\/paradiseproductscr.com\/fr\/wp-json\/wp\/v2\/media?parent=8239"}],"wp:term":[{"taxonomy":"brand","embeddable":true,"href":"https:\/\/paradiseproductscr.com\/fr\/wp-json\/wp\/v2\/etheme_brands?post=8239"},{"taxonomy":"product_brand","embeddable":true,"href":"https:\/\/paradiseproductscr.com\/fr\/wp-json\/wp\/v2\/product_brand?post=8239"},{"taxonomy":"product_cat","embeddable":true,"href":"https:\/\/paradiseproductscr.com\/fr\/wp-json\/wp\/v2\/product_cat?post=8239"},{"taxonomy":"product_tag","embeddable":true,"href":"https:\/\/paradiseproductscr.com\/fr\/wp-json\/wp\/v2\/product_tag?post=8239"}],"curies":[{"name":"wp","href":"https:\/\/api.w.org\/{rel}","templated":true}]}}