{"id":8264,"date":"2022-05-28T17:17:37","date_gmt":"2022-05-28T23:17:37","guid":{"rendered":"https:\/\/paradiseproductscr.com\/product\/boucles-doreilles-orange-et-banane\/"},"modified":"2022-05-28T17:17:37","modified_gmt":"2022-05-28T11:17:37","slug":"boucles-doreilles-orange-et-banane","status":"publish","type":"product","link":"https:\/\/paradiseproductscr.com\/fr\/produit\/boucles-doreilles-orange-et-banane\/","title":{"rendered":"Boucles d\u2019oreilles orange et banane"},"content":{"rendered":"<p>Longues boucles d&rsquo;oreilles compos\u00e9es de bananes encapsul\u00e9es dans de la r\u00e9sine et de rouleaux d&rsquo;orange en forme de rose.<\/p>\n<p>&nbsp;<\/p>\n","protected":false},"excerpt":{"rendered":"<p>Longues boucles d&rsquo;oreilles compos\u00e9es de bananes encapsul\u00e9es dans de la r\u00e9sine et de rouleaux orange.<\/p>\n","protected":false},"featured_media":5622,"comment_status":"open","ping_status":"closed","template":"","meta":[],"etheme_brands":[],"product_brand":[],"product_cat":[643],"product_tag":[702,707,656,657,712,694,713],"class_list":{"0":"post-8264","1":"product","2":"type-product","3":"status-publish","4":"has-post-thumbnail","6":"product_cat-bijou","7":"product_tag-banane","8":"product_tag-bijoux-en-fruits","9":"product_tag-boucles-doreilles","10":"product_tag-boucles-doreilles-fr","11":"product_tag-cadeaux","12":"product_tag-dame","13":"product_tag-femme","15":"first","16":"instock","17":"taxable","18":"shipping-taxable","19":"purchasable","20":"product-type-variable","21":"has-default-attributes"},"exclude_global_add_ons":[],"addons":[],"_links":{"self":[{"href":"https:\/\/paradiseproductscr.com\/fr\/wp-json\/wp\/v2\/product\/8264","targetHints":{"allow":["GET"]}}],"collection":[{"href":"https:\/\/paradiseproductscr.com\/fr\/wp-json\/wp\/v2\/product"}],"about":[{"href":"https:\/\/paradiseproductscr.com\/fr\/wp-json\/wp\/v2\/types\/product"}],"replies":[{"embeddable":true,"href":"https:\/\/paradiseproductscr.com\/fr\/wp-json\/wp\/v2\/comments?post=8264"}],"version-history":[{"count":0,"href":"https:\/\/paradiseproductscr.com\/fr\/wp-json\/wp\/v2\/product\/8264\/revisions"}],"wp:featuredmedia":[{"embeddable":true,"href":"https:\/\/paradiseproductscr.com\/fr\/wp-json\/wp\/v2\/media\/5622"}],"wp:attachment":[{"href":"https:\/\/paradiseproductscr.com\/fr\/wp-json\/wp\/v2\/media?parent=8264"}],"wp:term":[{"taxonomy":"brand","embeddable":true,"href":"https:\/\/paradiseproductscr.com\/fr\/wp-json\/wp\/v2\/etheme_brands?post=8264"},{"taxonomy":"product_brand","embeddable":true,"href":"https:\/\/paradiseproductscr.com\/fr\/wp-json\/wp\/v2\/product_brand?post=8264"},{"taxonomy":"product_cat","embeddable":true,"href":"https:\/\/paradiseproductscr.com\/fr\/wp-json\/wp\/v2\/product_cat?post=8264"},{"taxonomy":"product_tag","embeddable":true,"href":"https:\/\/paradiseproductscr.com\/fr\/wp-json\/wp\/v2\/product_tag?post=8264"}],"curies":[{"name":"wp","href":"https:\/\/api.w.org\/{rel}","templated":true}]}}