{"id":8267,"date":"2022-05-28T17:16:00","date_gmt":"2022-05-28T11:16:00","guid":{"rendered":"https:\/\/paradiseproductscr.com\/product\/table-de-nuit\/"},"modified":"2024-01-07T04:54:39","modified_gmt":"2024-01-06T22:54:39","slug":"table-de-nuit","status":"publish","type":"product","link":"https:\/\/paradiseproductscr.com\/fr\/produit\/table-de-nuit\/","title":{"rendered":"Table de nuit"},"content":{"rendered":"<p>Table de nuit, cr\u00e9\u00e9e avec le meilleur bois de Sarchi, Costa Rica.<\/p>\n<p>Un design enti\u00e8rement r\u00e9alis\u00e9 \u00e0 la main par d&rsquo;excellents artisans de la r\u00e9gion.<\/p>\n<p>Vente exclusive au Costa Rica.<\/p>\n","protected":false},"excerpt":{"rendered":"<p>Table de nuit, cr\u00e9\u00e9e avec le meilleur bois de Sarchi, Costa Rica.<\/p>\n<p>Un design enti\u00e8rement r\u00e9alis\u00e9 \u00e0 la main par d&rsquo;excellents artisans de la r\u00e9gion.<\/p>\n<p>Vente exclusive au Costa Rica.<\/p>\n","protected":false},"featured_media":5576,"comment_status":"closed","ping_status":"closed","template":"","meta":[],"etheme_brands":[],"product_brand":[],"product_cat":[579,638],"product_tag":[584,588,676,581,717,677,591,674,675,716],"class_list":{"0":"post-8267","1":"product","2":"type-product","3":"status-publish","4":"has-post-thumbnail","6":"product_cat-foyer","7":"product_cat-meubles-fr","8":"product_tag-artisanal-fr","9":"product_tag-bois","10":"product_tag-carree","11":"product_tag-costa-rica-fr","12":"product_tag-meubles","13":"product_tag-petite","14":"product_tag-sarchi-fr","15":"product_tag-sarchi-virtual-fr","16":"product_tag-table-fr","17":"product_tag-table-de-nuit","19":"first","20":"instock","21":"taxable","22":"shipping-taxable","23":"purchasable","24":"product-type-simple"},"exclude_global_add_ons":[],"addons":[],"_links":{"self":[{"href":"https:\/\/paradiseproductscr.com\/fr\/wp-json\/wp\/v2\/product\/8267","targetHints":{"allow":["GET"]}}],"collection":[{"href":"https:\/\/paradiseproductscr.com\/fr\/wp-json\/wp\/v2\/product"}],"about":[{"href":"https:\/\/paradiseproductscr.com\/fr\/wp-json\/wp\/v2\/types\/product"}],"replies":[{"embeddable":true,"href":"https:\/\/paradiseproductscr.com\/fr\/wp-json\/wp\/v2\/comments?post=8267"}],"version-history":[{"count":0,"href":"https:\/\/paradiseproductscr.com\/fr\/wp-json\/wp\/v2\/product\/8267\/revisions"}],"wp:featuredmedia":[{"embeddable":true,"href":"https:\/\/paradiseproductscr.com\/fr\/wp-json\/wp\/v2\/media\/5576"}],"wp:attachment":[{"href":"https:\/\/paradiseproductscr.com\/fr\/wp-json\/wp\/v2\/media?parent=8267"}],"wp:term":[{"taxonomy":"brand","embeddable":true,"href":"https:\/\/paradiseproductscr.com\/fr\/wp-json\/wp\/v2\/etheme_brands?post=8267"},{"taxonomy":"product_brand","embeddable":true,"href":"https:\/\/paradiseproductscr.com\/fr\/wp-json\/wp\/v2\/product_brand?post=8267"},{"taxonomy":"product_cat","embeddable":true,"href":"https:\/\/paradiseproductscr.com\/fr\/wp-json\/wp\/v2\/product_cat?post=8267"},{"taxonomy":"product_tag","embeddable":true,"href":"https:\/\/paradiseproductscr.com\/fr\/wp-json\/wp\/v2\/product_tag?post=8267"}],"curies":[{"name":"wp","href":"https:\/\/api.w.org\/{rel}","templated":true}]}}