{"id":8269,"date":"2022-05-28T17:15:36","date_gmt":"2022-05-28T11:15:36","guid":{"rendered":"https:\/\/paradiseproductscr.com\/product\/table-dexterieur\/"},"modified":"2024-01-07T04:59:32","modified_gmt":"2024-01-06T22:59:32","slug":"table-dexterieur","status":"publish","type":"product","link":"https:\/\/paradiseproductscr.com\/fr\/produit\/table-dexterieur\/","title":{"rendered":"Table d\u2019ext\u00e9rieur"},"content":{"rendered":"<p>Table en bois Eisenhower, parfaite pour l&rsquo;ext\u00e9rieur gr\u00e2ce \u00e0 sa structure en treillis.<\/p>\n<p>En outre, il est enti\u00e8rement con\u00e7u \u00e0 la main et cr\u00e9\u00e9 avec les meilleurs morceaux de bois de Sarch\u00ed, Costa Rica.<\/p>\n<p>Deux mod\u00e8les au choix, carr\u00e9 ou rectangulaire.<\/p>\n<p>&nbsp;<\/p>\n","protected":false},"excerpt":{"rendered":"<p>Table en bois Eisenhower, parfaite pour l&rsquo;ext\u00e9rieur gr\u00e2ce \u00e0 sa structure en treillis.<\/p>\n<p>En outre, il est enti\u00e8rement con\u00e7u \u00e0 la main et cr\u00e9\u00e9 avec les meilleurs morceaux de bois de Sarch\u00ed, Costa Rica.<\/p>\n<p>Deux mod\u00e8les au choix, carr\u00e9 ou rectangulaire.<\/p>\n<p>&nbsp;<\/p>\n","protected":false},"featured_media":5572,"comment_status":"closed","ping_status":"closed","template":"","meta":[],"etheme_brands":[],"product_brand":[],"product_cat":[579,638],"product_tag":[584,588,718,581,719,720,678,591,675,721],"class_list":{"0":"post-8269","1":"product","2":"type-product","3":"status-publish","4":"has-post-thumbnail","6":"product_cat-foyer","7":"product_cat-meubles-fr","8":"product_tag-artisanal-fr","9":"product_tag-bois","10":"product_tag-carre","11":"product_tag-costa-rica-fr","12":"product_tag-exterieur","13":"product_tag-piscine","14":"product_tag-rectangulaire","15":"product_tag-sarchi-fr","16":"product_tag-table-fr","17":"product_tag-terrasse","19":"first","20":"instock","21":"taxable","22":"shipping-taxable","23":"purchasable","24":"product-type-variable"},"exclude_global_add_ons":[],"addons":[],"_links":{"self":[{"href":"https:\/\/paradiseproductscr.com\/fr\/wp-json\/wp\/v2\/product\/8269","targetHints":{"allow":["GET"]}}],"collection":[{"href":"https:\/\/paradiseproductscr.com\/fr\/wp-json\/wp\/v2\/product"}],"about":[{"href":"https:\/\/paradiseproductscr.com\/fr\/wp-json\/wp\/v2\/types\/product"}],"replies":[{"embeddable":true,"href":"https:\/\/paradiseproductscr.com\/fr\/wp-json\/wp\/v2\/comments?post=8269"}],"version-history":[{"count":0,"href":"https:\/\/paradiseproductscr.com\/fr\/wp-json\/wp\/v2\/product\/8269\/revisions"}],"wp:featuredmedia":[{"embeddable":true,"href":"https:\/\/paradiseproductscr.com\/fr\/wp-json\/wp\/v2\/media\/5572"}],"wp:attachment":[{"href":"https:\/\/paradiseproductscr.com\/fr\/wp-json\/wp\/v2\/media?parent=8269"}],"wp:term":[{"taxonomy":"brand","embeddable":true,"href":"https:\/\/paradiseproductscr.com\/fr\/wp-json\/wp\/v2\/etheme_brands?post=8269"},{"taxonomy":"product_brand","embeddable":true,"href":"https:\/\/paradiseproductscr.com\/fr\/wp-json\/wp\/v2\/product_brand?post=8269"},{"taxonomy":"product_cat","embeddable":true,"href":"https:\/\/paradiseproductscr.com\/fr\/wp-json\/wp\/v2\/product_cat?post=8269"},{"taxonomy":"product_tag","embeddable":true,"href":"https:\/\/paradiseproductscr.com\/fr\/wp-json\/wp\/v2\/product_tag?post=8269"}],"curies":[{"name":"wp","href":"https:\/\/api.w.org\/{rel}","templated":true}]}}