{"id":8281,"date":"2022-05-28T17:15:05","date_gmt":"2022-05-28T11:15:05","guid":{"rendered":"https:\/\/paradiseproductscr.com\/product\/table-double-en-verre\/"},"modified":"2024-01-07T05:05:39","modified_gmt":"2024-01-06T23:05:39","slug":"table-double-en-verre","status":"publish","type":"product","link":"https:\/\/paradiseproductscr.com\/fr\/produit\/table-double-en-verre\/","title":{"rendered":"Table double en verre"},"content":{"rendered":"<p>Table double en verre, fabriqu\u00e9e avec le meilleur bois de la r\u00e9gion de Sarchi, Costa Rica.<\/p>\n<p>Il joue un r\u00f4le parfait dans la chambre \u00e0 coucher ou la salle de t\u00e9l\u00e9vision en tant que \u00ab\u00a0table de chevet\u00a0\u00bb.<\/p>\n<p>100% fait \u00e0 la main par de grands artisans.<\/p>\n<p>Vente exclusive pour le Costa Rica.<\/p>\n","protected":false},"excerpt":{"rendered":"<p>Table double en verre, fabriqu\u00e9e avec le meilleur bois de la r\u00e9gion de Sarchi, Costa Rica.<\/p>\n<p>Il joue un r\u00f4le parfait dans la chambre \u00e0 coucher ou la salle de t\u00e9l\u00e9vision en tant que \u00ab\u00a0table de chevet\u00a0\u00bb.<\/p>\n<p>100% fait \u00e0 la main par de grands artisans.<\/p>\n<p>Vente exclusive pour le Costa Rica.<\/p>\n<p>De forme carr\u00e9e, ils existent en trois tailles diff\u00e9rentes.<\/p>\n","protected":false},"featured_media":5564,"comment_status":"closed","ping_status":"closed","template":"","meta":[],"etheme_brands":[],"product_brand":[],"product_cat":[579,638],"product_tag":[584,588,676,581,682,729,591,674,675,716,728],"class_list":{"0":"post-8281","1":"product","2":"type-product","3":"status-publish","4":"has-post-thumbnail","6":"product_cat-foyer","7":"product_cat-meubles-fr","8":"product_tag-artisanal-fr","9":"product_tag-bois","10":"product_tag-carree","11":"product_tag-costa-rica-fr","12":"product_tag-double-fr","13":"product_tag-fait-a-la-main-fr","14":"product_tag-sarchi-fr","15":"product_tag-sarchi-virtual-fr","16":"product_tag-table-fr","17":"product_tag-table-de-nuit","18":"product_tag-verre","20":"first","21":"instock","22":"taxable","23":"shipping-taxable","24":"purchasable","25":"product-type-variable","26":"has-default-attributes"},"exclude_global_add_ons":[],"addons":[],"_links":{"self":[{"href":"https:\/\/paradiseproductscr.com\/fr\/wp-json\/wp\/v2\/product\/8281","targetHints":{"allow":["GET"]}}],"collection":[{"href":"https:\/\/paradiseproductscr.com\/fr\/wp-json\/wp\/v2\/product"}],"about":[{"href":"https:\/\/paradiseproductscr.com\/fr\/wp-json\/wp\/v2\/types\/product"}],"replies":[{"embeddable":true,"href":"https:\/\/paradiseproductscr.com\/fr\/wp-json\/wp\/v2\/comments?post=8281"}],"version-history":[{"count":0,"href":"https:\/\/paradiseproductscr.com\/fr\/wp-json\/wp\/v2\/product\/8281\/revisions"}],"wp:featuredmedia":[{"embeddable":true,"href":"https:\/\/paradiseproductscr.com\/fr\/wp-json\/wp\/v2\/media\/5564"}],"wp:attachment":[{"href":"https:\/\/paradiseproductscr.com\/fr\/wp-json\/wp\/v2\/media?parent=8281"}],"wp:term":[{"taxonomy":"brand","embeddable":true,"href":"https:\/\/paradiseproductscr.com\/fr\/wp-json\/wp\/v2\/etheme_brands?post=8281"},{"taxonomy":"product_brand","embeddable":true,"href":"https:\/\/paradiseproductscr.com\/fr\/wp-json\/wp\/v2\/product_brand?post=8281"},{"taxonomy":"product_cat","embeddable":true,"href":"https:\/\/paradiseproductscr.com\/fr\/wp-json\/wp\/v2\/product_cat?post=8281"},{"taxonomy":"product_tag","embeddable":true,"href":"https:\/\/paradiseproductscr.com\/fr\/wp-json\/wp\/v2\/product_tag?post=8281"}],"curies":[{"name":"wp","href":"https:\/\/api.w.org\/{rel}","templated":true}]}}