{"id":8295,"date":"2022-05-28T17:15:05","date_gmt":"2022-05-28T11:15:05","guid":{"rendered":"https:\/\/paradiseproductscr.com\/product\/table-en-verre\/"},"modified":"2022-05-28T17:15:05","modified_gmt":"2022-05-28T11:15:05","slug":"table-en-verre","status":"publish","type":"product","link":"https:\/\/paradiseproductscr.com\/fr\/produit\/table-en-verre\/","title":{"rendered":"Table en verre"},"content":{"rendered":"<p>Table de nuit, 100% faite \u00e0 la main de mani\u00e8re exclusive \u00e0 Sarchi, Costa Rica.<\/p>\n<p>Cette table basse est \u00e9galement confortable et dot\u00e9e du meilleur mat\u00e9riau en verre de la r\u00e9gion.<\/p>\n","protected":false},"excerpt":{"rendered":"<p>Table de nuit, 100% faite \u00e0 la main de mani\u00e8re exclusive \u00e0 Sarchi, Costa Rica.<\/p>\n<p>Cette table basse est \u00e9galement confortable et dot\u00e9e du meilleur mat\u00e9riau en verre de la r\u00e9gion.<\/p>\n<p>Forme carr\u00e9e et petite taille.<\/p>\n","protected":false},"featured_media":5566,"comment_status":"closed","ping_status":"closed","template":"","meta":[],"etheme_brands":[],"product_brand":[],"product_cat":[579,638],"product_tag":[584,588,676,581,591,674,675,716,728],"class_list":{"0":"post-8295","1":"product","2":"type-product","3":"status-publish","4":"has-post-thumbnail","6":"product_cat-foyer","7":"product_cat-meubles-fr","8":"product_tag-artisanal-fr","9":"product_tag-bois","10":"product_tag-carree","11":"product_tag-costa-rica-fr","12":"product_tag-sarchi-fr","13":"product_tag-sarchi-virtual-fr","14":"product_tag-table-fr","15":"product_tag-table-de-nuit","16":"product_tag-verre","18":"first","19":"instock","20":"taxable","21":"shipping-taxable","22":"purchasable","23":"product-type-simple"},"exclude_global_add_ons":[],"addons":[],"_links":{"self":[{"href":"https:\/\/paradiseproductscr.com\/fr\/wp-json\/wp\/v2\/product\/8295","targetHints":{"allow":["GET"]}}],"collection":[{"href":"https:\/\/paradiseproductscr.com\/fr\/wp-json\/wp\/v2\/product"}],"about":[{"href":"https:\/\/paradiseproductscr.com\/fr\/wp-json\/wp\/v2\/types\/product"}],"replies":[{"embeddable":true,"href":"https:\/\/paradiseproductscr.com\/fr\/wp-json\/wp\/v2\/comments?post=8295"}],"version-history":[{"count":0,"href":"https:\/\/paradiseproductscr.com\/fr\/wp-json\/wp\/v2\/product\/8295\/revisions"}],"wp:featuredmedia":[{"embeddable":true,"href":"https:\/\/paradiseproductscr.com\/fr\/wp-json\/wp\/v2\/media\/5566"}],"wp:attachment":[{"href":"https:\/\/paradiseproductscr.com\/fr\/wp-json\/wp\/v2\/media?parent=8295"}],"wp:term":[{"taxonomy":"brand","embeddable":true,"href":"https:\/\/paradiseproductscr.com\/fr\/wp-json\/wp\/v2\/etheme_brands?post=8295"},{"taxonomy":"product_brand","embeddable":true,"href":"https:\/\/paradiseproductscr.com\/fr\/wp-json\/wp\/v2\/product_brand?post=8295"},{"taxonomy":"product_cat","embeddable":true,"href":"https:\/\/paradiseproductscr.com\/fr\/wp-json\/wp\/v2\/product_cat?post=8295"},{"taxonomy":"product_tag","embeddable":true,"href":"https:\/\/paradiseproductscr.com\/fr\/wp-json\/wp\/v2\/product_tag?post=8295"}],"curies":[{"name":"wp","href":"https:\/\/api.w.org\/{rel}","templated":true}]}}