{"id":8296,"date":"2022-05-28T17:15:05","date_gmt":"2022-05-28T11:15:05","guid":{"rendered":"https:\/\/paradiseproductscr.com\/product\/table-biseaute\/"},"modified":"2024-01-07T06:22:52","modified_gmt":"2024-01-07T00:22:52","slug":"table-biseaute","status":"publish","type":"product","link":"https:\/\/paradiseproductscr.com\/fr\/produit\/table-biseaute\/","title":{"rendered":"Table biseaut\u00e9"},"content":{"rendered":"<p>Table en bois biseaut\u00e9 enti\u00e8rement faite \u00e0 la main et artisanalement \u00e0 Sarchi Costa Rica.<\/p>\n<p>Il a deux formes au choix, carr\u00e9e ou rectangulaire.<\/p>\n","protected":false},"excerpt":{"rendered":"<p>Table en bois biseaut\u00e9 enti\u00e8rement faite \u00e0 la main et artisanalement \u00e0 Sarchi Costa Rica.<\/p>\n<p>Il a deux formes au choix, carr\u00e9e ou rectangulaire.<\/p>\n","protected":false},"featured_media":5568,"comment_status":"closed","ping_status":"closed","template":"","meta":[],"etheme_brands":[],"product_brand":[],"product_cat":[579,638],"product_tag":[584,730,676,581,677,678,591,674,675,716],"class_list":{"0":"post-8296","1":"product","2":"type-product","3":"status-publish","4":"has-post-thumbnail","6":"product_cat-foyer","7":"product_cat-meubles-fr","8":"product_tag-artisanal-fr","9":"product_tag-bois-biseaute","10":"product_tag-carree","11":"product_tag-costa-rica-fr","12":"product_tag-petite","13":"product_tag-rectangulaire","14":"product_tag-sarchi-fr","15":"product_tag-sarchi-virtual-fr","16":"product_tag-table-fr","17":"product_tag-table-de-nuit","19":"first","20":"instock","21":"taxable","22":"shipping-taxable","23":"purchasable","24":"product-type-variable"},"exclude_global_add_ons":[],"addons":[],"_links":{"self":[{"href":"https:\/\/paradiseproductscr.com\/fr\/wp-json\/wp\/v2\/product\/8296","targetHints":{"allow":["GET"]}}],"collection":[{"href":"https:\/\/paradiseproductscr.com\/fr\/wp-json\/wp\/v2\/product"}],"about":[{"href":"https:\/\/paradiseproductscr.com\/fr\/wp-json\/wp\/v2\/types\/product"}],"replies":[{"embeddable":true,"href":"https:\/\/paradiseproductscr.com\/fr\/wp-json\/wp\/v2\/comments?post=8296"}],"version-history":[{"count":0,"href":"https:\/\/paradiseproductscr.com\/fr\/wp-json\/wp\/v2\/product\/8296\/revisions"}],"wp:featuredmedia":[{"embeddable":true,"href":"https:\/\/paradiseproductscr.com\/fr\/wp-json\/wp\/v2\/media\/5568"}],"wp:attachment":[{"href":"https:\/\/paradiseproductscr.com\/fr\/wp-json\/wp\/v2\/media?parent=8296"}],"wp:term":[{"taxonomy":"brand","embeddable":true,"href":"https:\/\/paradiseproductscr.com\/fr\/wp-json\/wp\/v2\/etheme_brands?post=8296"},{"taxonomy":"product_brand","embeddable":true,"href":"https:\/\/paradiseproductscr.com\/fr\/wp-json\/wp\/v2\/product_brand?post=8296"},{"taxonomy":"product_cat","embeddable":true,"href":"https:\/\/paradiseproductscr.com\/fr\/wp-json\/wp\/v2\/product_cat?post=8296"},{"taxonomy":"product_tag","embeddable":true,"href":"https:\/\/paradiseproductscr.com\/fr\/wp-json\/wp\/v2\/product_tag?post=8296"}],"curies":[{"name":"wp","href":"https:\/\/api.w.org\/{rel}","templated":true}]}}