{"id":8307,"date":"2022-05-28T17:15:04","date_gmt":"2022-05-28T23:15:04","guid":{"rendered":"https:\/\/paradiseproductscr.com\/product\/ensemble-terrasse-jardin\/"},"modified":"2022-05-28T17:15:04","modified_gmt":"2022-05-28T11:15:04","slug":"ensemble-terrasse-jardin","status":"publish","type":"product","link":"https:\/\/paradiseproductscr.com\/fr\/produit\/ensemble-terrasse-jardin\/","title":{"rendered":"Ensemble terrasse jardin"},"content":{"rendered":"<p>Table octogonale ou \u00e0 huit c\u00f4t\u00e9s, parfaite pour votre jardin ou votre terrasse.<\/p>\n<p>Avec quatre chaises en bois fabriqu\u00e9es \u00e0 la main.<\/p>\n<p>Fabriqu\u00e9 en bois, enti\u00e8rement \u00e0 la main \u00e0 Sarchi, au Costa Rica.<\/p>\n<p>&nbsp;<\/p>\n<p>&nbsp;<\/p>\n<p>Vente exclusive pour le Costa Rica.<\/p>\n<p>&nbsp;<\/p>\n","protected":false},"excerpt":{"rendered":"<p>Table octogonale ou \u00e0 huit c\u00f4t\u00e9s, parfaite pour votre jardin ou votre terrasse.<\/p>\n<p>Avec quatre chaises en bois fabriqu\u00e9es \u00e0 la main.<\/p>\n<p>Fabriqu\u00e9 en bois, enti\u00e8rement \u00e0 la main \u00e0 Sarchi, au Costa Rica.<\/p>\n<p>&nbsp;<\/p>\n<p>Vente exclusive pour le Costa Rica.<\/p>\n","protected":false},"featured_media":5554,"comment_status":"closed","ping_status":"closed","template":"","meta":[],"etheme_brands":[],"product_brand":[],"product_cat":[579,638],"product_tag":[584,588,732,581,731,591,592,679,675,716],"class_list":{"0":"post-8307","1":"product","2":"type-product","3":"status-publish","4":"has-post-thumbnail","6":"product_cat-foyer","7":"product_cat-meubles-fr","8":"product_tag-artisanal-fr","9":"product_tag-bois","10":"product_tag-chaises","11":"product_tag-costa-rica-fr","12":"product_tag-salle-a-manger","13":"product_tag-sarchi-fr","14":"product_tag-sarchivirtual-fr","15":"product_tag-set-fr","16":"product_tag-table-fr","17":"product_tag-table-de-nuit","19":"first","20":"instock","21":"taxable","22":"shipping-taxable","23":"purchasable","24":"product-type-simple"},"exclude_global_add_ons":[],"addons":[],"_links":{"self":[{"href":"https:\/\/paradiseproductscr.com\/fr\/wp-json\/wp\/v2\/product\/8307","targetHints":{"allow":["GET"]}}],"collection":[{"href":"https:\/\/paradiseproductscr.com\/fr\/wp-json\/wp\/v2\/product"}],"about":[{"href":"https:\/\/paradiseproductscr.com\/fr\/wp-json\/wp\/v2\/types\/product"}],"replies":[{"embeddable":true,"href":"https:\/\/paradiseproductscr.com\/fr\/wp-json\/wp\/v2\/comments?post=8307"}],"version-history":[{"count":0,"href":"https:\/\/paradiseproductscr.com\/fr\/wp-json\/wp\/v2\/product\/8307\/revisions"}],"wp:featuredmedia":[{"embeddable":true,"href":"https:\/\/paradiseproductscr.com\/fr\/wp-json\/wp\/v2\/media\/5554"}],"wp:attachment":[{"href":"https:\/\/paradiseproductscr.com\/fr\/wp-json\/wp\/v2\/media?parent=8307"}],"wp:term":[{"taxonomy":"brand","embeddable":true,"href":"https:\/\/paradiseproductscr.com\/fr\/wp-json\/wp\/v2\/etheme_brands?post=8307"},{"taxonomy":"product_brand","embeddable":true,"href":"https:\/\/paradiseproductscr.com\/fr\/wp-json\/wp\/v2\/product_brand?post=8307"},{"taxonomy":"product_cat","embeddable":true,"href":"https:\/\/paradiseproductscr.com\/fr\/wp-json\/wp\/v2\/product_cat?post=8307"},{"taxonomy":"product_tag","embeddable":true,"href":"https:\/\/paradiseproductscr.com\/fr\/wp-json\/wp\/v2\/product_tag?post=8307"}],"curies":[{"name":"wp","href":"https:\/\/api.w.org\/{rel}","templated":true}]}}