{"id":8308,"date":"2022-05-28T17:15:04","date_gmt":"2022-05-28T11:15:04","guid":{"rendered":"https:\/\/paradiseproductscr.com\/product\/grand-canape-lit\/"},"modified":"2022-05-28T17:15:04","modified_gmt":"2022-05-28T11:15:04","slug":"grand-canape-lit","status":"publish","type":"product","link":"https:\/\/paradiseproductscr.com\/fr\/produit\/grand-canape-lit\/","title":{"rendered":"Grand canap\u00e9-lit"},"content":{"rendered":"<p>Canap\u00e9-lit de grande taille, fabriqu\u00e9 avec du bois exclusif de Sarchi, au Costa Rica.<\/p>\n<p>Enti\u00e8rement fait \u00e0 la main par les meilleurs charpentiers de la r\u00e9gion.<\/p>\n<p>&nbsp;<\/p>\n<p>Vente exclusive pour le Costa Rica.<\/p>\n","protected":false},"excerpt":{"rendered":"<p>Canap\u00e9-lit de grande taille, fabriqu\u00e9 avec du bois exclusif de Sarchi, au Costa Rica.<\/p>\n<p>Enti\u00e8rement fait \u00e0 la main par les meilleurs charpentiers de la r\u00e9gion.<\/p>\n<p>&nbsp;<\/p>\n<p>Vente exclusive pour le Costa Rica.<\/p>\n","protected":false},"featured_media":5556,"comment_status":"closed","ping_status":"closed","template":"","meta":[],"etheme_brands":[],"product_brand":[],"product_cat":[579,638],"product_tag":[584,588,680,732,581,734,733,731,591,674,675],"class_list":{"0":"post-8308","1":"product","2":"type-product","3":"status-publish","4":"has-post-thumbnail","6":"product_cat-foyer","7":"product_cat-meubles-fr","8":"product_tag-artisanal-fr","9":"product_tag-bois","10":"product_tag-canape","11":"product_tag-chaises","12":"product_tag-costa-rica-fr","13":"product_tag-grand","14":"product_tag-lit","15":"product_tag-salle-a-manger","16":"product_tag-sarchi-fr","17":"product_tag-sarchi-virtual-fr","18":"product_tag-table-fr","20":"first","21":"instock","22":"taxable","23":"shipping-taxable","24":"purchasable","25":"product-type-simple"},"exclude_global_add_ons":[],"addons":[],"_links":{"self":[{"href":"https:\/\/paradiseproductscr.com\/fr\/wp-json\/wp\/v2\/product\/8308","targetHints":{"allow":["GET"]}}],"collection":[{"href":"https:\/\/paradiseproductscr.com\/fr\/wp-json\/wp\/v2\/product"}],"about":[{"href":"https:\/\/paradiseproductscr.com\/fr\/wp-json\/wp\/v2\/types\/product"}],"replies":[{"embeddable":true,"href":"https:\/\/paradiseproductscr.com\/fr\/wp-json\/wp\/v2\/comments?post=8308"}],"version-history":[{"count":0,"href":"https:\/\/paradiseproductscr.com\/fr\/wp-json\/wp\/v2\/product\/8308\/revisions"}],"wp:featuredmedia":[{"embeddable":true,"href":"https:\/\/paradiseproductscr.com\/fr\/wp-json\/wp\/v2\/media\/5556"}],"wp:attachment":[{"href":"https:\/\/paradiseproductscr.com\/fr\/wp-json\/wp\/v2\/media?parent=8308"}],"wp:term":[{"taxonomy":"brand","embeddable":true,"href":"https:\/\/paradiseproductscr.com\/fr\/wp-json\/wp\/v2\/etheme_brands?post=8308"},{"taxonomy":"product_brand","embeddable":true,"href":"https:\/\/paradiseproductscr.com\/fr\/wp-json\/wp\/v2\/product_brand?post=8308"},{"taxonomy":"product_cat","embeddable":true,"href":"https:\/\/paradiseproductscr.com\/fr\/wp-json\/wp\/v2\/product_cat?post=8308"},{"taxonomy":"product_tag","embeddable":true,"href":"https:\/\/paradiseproductscr.com\/fr\/wp-json\/wp\/v2\/product_tag?post=8308"}],"curies":[{"name":"wp","href":"https:\/\/api.w.org\/{rel}","templated":true}]}}