{"id":8309,"date":"2022-05-28T17:15:04","date_gmt":"2022-05-28T11:15:04","guid":{"rendered":"https:\/\/paradiseproductscr.com\/product\/petit-canape-lit\/"},"modified":"2022-05-28T17:15:04","modified_gmt":"2022-05-28T11:15:04","slug":"petit-canape-lit","status":"publish","type":"product","link":"https:\/\/paradiseproductscr.com\/fr\/produit\/petit-canape-lit\/","title":{"rendered":"Petit canap\u00e9-lit"},"content":{"rendered":"<p>Canap\u00e9-lit de petite taille, fabriqu\u00e9 \u00e0 la main avec le meilleur bois de Sarchi, Costa Rica.<\/p>\n<p>Vente exclusive pour l&rsquo;ensemble du pays, le Costa Rica.<\/p>\n<p>Ne comprend pas les deux, vendus s\u00e9par\u00e9ment.<\/p>\n","protected":false},"excerpt":{"rendered":"<p>Canap\u00e9-lit de petite taille, fabriqu\u00e9 \u00e0 la main avec le meilleur bois de Sarchi, Costa Rica.<\/p>\n<p>Vente exclusive pour l&rsquo;ensemble du pays, le Costa Rica.<\/p>\n","protected":false},"featured_media":5558,"comment_status":"closed","ping_status":"closed","template":"","meta":[],"etheme_brands":[],"product_brand":[],"product_cat":[579,638],"product_tag":[584,588,680,736,681,581,733,735,731,591,674,675],"class_list":{"0":"post-8309","1":"product","2":"type-product","3":"status-publish","4":"has-post-thumbnail","6":"product_cat-foyer","7":"product_cat-meubles-fr","8":"product_tag-artisanal-fr","9":"product_tag-bois","10":"product_tag-canape","11":"product_tag-canape-fr","12":"product_tag-chaise","13":"product_tag-costa-rica-fr","14":"product_tag-lit","15":"product_tag-petit","16":"product_tag-salle-a-manger","17":"product_tag-sarchi-fr","18":"product_tag-sarchi-virtual-fr","19":"product_tag-table-fr","21":"first","22":"instock","23":"taxable","24":"shipping-taxable","25":"purchasable","26":"product-type-simple"},"exclude_global_add_ons":[],"addons":[],"_links":{"self":[{"href":"https:\/\/paradiseproductscr.com\/fr\/wp-json\/wp\/v2\/product\/8309","targetHints":{"allow":["GET"]}}],"collection":[{"href":"https:\/\/paradiseproductscr.com\/fr\/wp-json\/wp\/v2\/product"}],"about":[{"href":"https:\/\/paradiseproductscr.com\/fr\/wp-json\/wp\/v2\/types\/product"}],"replies":[{"embeddable":true,"href":"https:\/\/paradiseproductscr.com\/fr\/wp-json\/wp\/v2\/comments?post=8309"}],"version-history":[{"count":0,"href":"https:\/\/paradiseproductscr.com\/fr\/wp-json\/wp\/v2\/product\/8309\/revisions"}],"wp:featuredmedia":[{"embeddable":true,"href":"https:\/\/paradiseproductscr.com\/fr\/wp-json\/wp\/v2\/media\/5558"}],"wp:attachment":[{"href":"https:\/\/paradiseproductscr.com\/fr\/wp-json\/wp\/v2\/media?parent=8309"}],"wp:term":[{"taxonomy":"brand","embeddable":true,"href":"https:\/\/paradiseproductscr.com\/fr\/wp-json\/wp\/v2\/etheme_brands?post=8309"},{"taxonomy":"product_brand","embeddable":true,"href":"https:\/\/paradiseproductscr.com\/fr\/wp-json\/wp\/v2\/product_brand?post=8309"},{"taxonomy":"product_cat","embeddable":true,"href":"https:\/\/paradiseproductscr.com\/fr\/wp-json\/wp\/v2\/product_cat?post=8309"},{"taxonomy":"product_tag","embeddable":true,"href":"https:\/\/paradiseproductscr.com\/fr\/wp-json\/wp\/v2\/product_tag?post=8309"}],"curies":[{"name":"wp","href":"https:\/\/api.w.org\/{rel}","templated":true}]}}