{"id":8311,"date":"2022-05-28T17:14:15","date_gmt":"2022-05-28T11:14:15","guid":{"rendered":"https:\/\/paradiseproductscr.com\/product\/set-de-roches-volcaniques\/"},"modified":"2022-05-28T17:14:15","modified_gmt":"2022-05-28T11:14:15","slug":"set-de-roches-volcaniques","status":"publish","type":"product","link":"https:\/\/paradiseproductscr.com\/fr\/produit\/set-de-roches-volcaniques\/","title":{"rendered":"Set de roches volcaniques"},"content":{"rendered":"<p id=\"tw-target-text\" class=\"tw-data-text tw-text-large XcVN5d tw-ta\" dir=\"ltr\" data-placeholder=\"Traducci\u00f3n\"><span class=\"Y2IQFc\" lang=\"es\">Ces boucles d&rsquo;oreilles sont compos\u00e9es de pierres volcaniques, mont\u00e9es sur un fil d&rsquo;argent et dot\u00e9es d&rsquo;un triangle en argent 925.<\/span><\/p>\n","protected":false},"excerpt":{"rendered":"<div id=\"tw-target-text-container\" class=\"tw-ta-container F0azHf tw-nfl\">\n<p id=\"tw-target-text\" class=\"tw-data-text tw-text-large XcVN5d tw-ta\" dir=\"ltr\" data-placeholder=\"Traducci\u00f3n\"><span class=\"Y2IQFc\" lang=\"es\">Ces boucles d&rsquo;oreilles sont compos\u00e9es de pierres volcaniques, mont\u00e9es sur un fil d&rsquo;argent et dot\u00e9es d&rsquo;un triangle en argent 925.<\/span><\/p>\n<\/div>\n<div id=\"tw-target-rmn-container\" class=\"tw-target-rmn tw-ta-container F0azHf tw-nfl\">\n<pre id=\"tw-target-rmn\" class=\"tw-data-placeholder tw-text-small tw-ta\" data-placeholder=\"\"><\/pre>\n<\/div>\n","protected":false},"featured_media":5522,"comment_status":"closed","ping_status":"closed","template":"","meta":[],"etheme_brands":[],"product_brand":[],"product_cat":[643],"product_tag":[667,658,645,584,644,744,657,656,692,741,740,655,742,743,745,590,697,746],"class_list":{"0":"post-8311","1":"product","2":"type-product","3":"status-publish","4":"has-post-thumbnail","6":"product_cat-bijou","7":"product_tag-anneau","8":"product_tag-argent","9":"product_tag-argent-925","10":"product_tag-artisanal-fr","11":"product_tag-bijou","12":"product_tag-bijoux-contemporains","13":"product_tag-boucles-doreilles-fr","14":"product_tag-boucles-doreilles","15":"product_tag-colliers","16":"product_tag-contemporain","17":"product_tag-costarricien","18":"product_tag-cristales-fr","19":"product_tag-design-unique","20":"product_tag-fleurs","21":"product_tag-national-fr","22":"product_tag-peint-a-la-main","23":"product_tag-perle","24":"product_tag-soledad-arte-joyero-fr","26":"first","27":"outofstock","28":"taxable","29":"shipping-taxable","30":"purchasable","31":"product-type-simple"},"exclude_global_add_ons":[],"addons":[],"_links":{"self":[{"href":"https:\/\/paradiseproductscr.com\/fr\/wp-json\/wp\/v2\/product\/8311","targetHints":{"allow":["GET"]}}],"collection":[{"href":"https:\/\/paradiseproductscr.com\/fr\/wp-json\/wp\/v2\/product"}],"about":[{"href":"https:\/\/paradiseproductscr.com\/fr\/wp-json\/wp\/v2\/types\/product"}],"replies":[{"embeddable":true,"href":"https:\/\/paradiseproductscr.com\/fr\/wp-json\/wp\/v2\/comments?post=8311"}],"version-history":[{"count":0,"href":"https:\/\/paradiseproductscr.com\/fr\/wp-json\/wp\/v2\/product\/8311\/revisions"}],"wp:featuredmedia":[{"embeddable":true,"href":"https:\/\/paradiseproductscr.com\/fr\/wp-json\/wp\/v2\/media\/5522"}],"wp:attachment":[{"href":"https:\/\/paradiseproductscr.com\/fr\/wp-json\/wp\/v2\/media?parent=8311"}],"wp:term":[{"taxonomy":"brand","embeddable":true,"href":"https:\/\/paradiseproductscr.com\/fr\/wp-json\/wp\/v2\/etheme_brands?post=8311"},{"taxonomy":"product_brand","embeddable":true,"href":"https:\/\/paradiseproductscr.com\/fr\/wp-json\/wp\/v2\/product_brand?post=8311"},{"taxonomy":"product_cat","embeddable":true,"href":"https:\/\/paradiseproductscr.com\/fr\/wp-json\/wp\/v2\/product_cat?post=8311"},{"taxonomy":"product_tag","embeddable":true,"href":"https:\/\/paradiseproductscr.com\/fr\/wp-json\/wp\/v2\/product_tag?post=8311"}],"curies":[{"name":"wp","href":"https:\/\/api.w.org\/{rel}","templated":true}]}}