{"id":8319,"date":"2022-05-28T17:13:41","date_gmt":"2022-05-28T11:13:41","guid":{"rendered":"https:\/\/paradiseproductscr.com\/product\/boucles-doreilles-fleurs-sauvages-en-argent\/"},"modified":"2022-05-28T17:13:41","modified_gmt":"2022-05-28T11:13:41","slug":"boucles-doreilles-fleurs-sauvages-en-argent","status":"publish","type":"product","link":"https:\/\/paradiseproductscr.com\/fr\/produit\/boucles-doreilles-fleurs-sauvages-en-argent\/","title":{"rendered":"Boucles d&rsquo;oreilles fleurs sauvages en argent"},"content":{"rendered":"<p>Boucles d\u2019oreilles en argent avec motif floral, avec des cristaux am\u00e9thystes au centre, et des perles bleues suspendues. fait \u00e0 la main.<\/p>\n","protected":false},"excerpt":{"rendered":"<p>Boucles d\u2019oreilles en argent avec motif floral, avec des cristaux am\u00e9thystes au centre, et des perles bleues suspendues. fait \u00e0 la main.<\/p>\n<p>Ces fleurs sauvages ornent le bord de la route lors de ma promenade quotidienne dans mon quartier. Les couleurs des cristaux d&rsquo;am\u00e9thyste et des perles \u00e9voquent les nombreuses nuances de ces humbles mais d\u00e9coratives plantes de bord de route. Cet argent 925 sans plomb, fabriqu\u00e9 \u00e0 la main, rehaussera votre look \u00e0 la maison, au bureau ou lorsque vous rencontrerez vos partenaires de Zoom. Les cristaux d&rsquo;am\u00e9thyste et les perles bleues donnent de l&rsquo;\u00e9clat \u00e0 votre visage.<\/p>\n","protected":false},"featured_media":5506,"comment_status":"closed","ping_status":"closed","template":"","meta":[],"etheme_brands":[],"product_brand":[],"product_cat":[643],"product_tag":[667,658,645,584,644,744,656,657,692,741,740,655,742,743,745,697,746],"class_list":{"0":"post-8319","1":"product","2":"type-product","3":"status-publish","4":"has-post-thumbnail","6":"product_cat-bijou","7":"product_tag-anneau","8":"product_tag-argent","9":"product_tag-argent-925","10":"product_tag-artisanal-fr","11":"product_tag-bijou","12":"product_tag-bijoux-contemporains","13":"product_tag-boucles-doreilles","14":"product_tag-boucles-doreilles-fr","15":"product_tag-colliers","16":"product_tag-contemporain","17":"product_tag-costarricien","18":"product_tag-cristales-fr","19":"product_tag-design-unique","20":"product_tag-fleurs","21":"product_tag-national-fr","22":"product_tag-perle","23":"product_tag-soledad-arte-joyero-fr","25":"first","26":"outofstock","27":"taxable","28":"shipping-taxable","29":"purchasable","30":"product-type-simple"},"exclude_global_add_ons":[],"addons":[],"_links":{"self":[{"href":"https:\/\/paradiseproductscr.com\/fr\/wp-json\/wp\/v2\/product\/8319","targetHints":{"allow":["GET"]}}],"collection":[{"href":"https:\/\/paradiseproductscr.com\/fr\/wp-json\/wp\/v2\/product"}],"about":[{"href":"https:\/\/paradiseproductscr.com\/fr\/wp-json\/wp\/v2\/types\/product"}],"replies":[{"embeddable":true,"href":"https:\/\/paradiseproductscr.com\/fr\/wp-json\/wp\/v2\/comments?post=8319"}],"version-history":[{"count":0,"href":"https:\/\/paradiseproductscr.com\/fr\/wp-json\/wp\/v2\/product\/8319\/revisions"}],"wp:featuredmedia":[{"embeddable":true,"href":"https:\/\/paradiseproductscr.com\/fr\/wp-json\/wp\/v2\/media\/5506"}],"wp:attachment":[{"href":"https:\/\/paradiseproductscr.com\/fr\/wp-json\/wp\/v2\/media?parent=8319"}],"wp:term":[{"taxonomy":"brand","embeddable":true,"href":"https:\/\/paradiseproductscr.com\/fr\/wp-json\/wp\/v2\/etheme_brands?post=8319"},{"taxonomy":"product_brand","embeddable":true,"href":"https:\/\/paradiseproductscr.com\/fr\/wp-json\/wp\/v2\/product_brand?post=8319"},{"taxonomy":"product_cat","embeddable":true,"href":"https:\/\/paradiseproductscr.com\/fr\/wp-json\/wp\/v2\/product_cat?post=8319"},{"taxonomy":"product_tag","embeddable":true,"href":"https:\/\/paradiseproductscr.com\/fr\/wp-json\/wp\/v2\/product_tag?post=8319"}],"curies":[{"name":"wp","href":"https:\/\/api.w.org\/{rel}","templated":true}]}}