{"id":8341,"date":"2022-05-28T17:13:39","date_gmt":"2022-05-28T11:13:39","guid":{"rendered":"https:\/\/paradiseproductscr.com\/product\/bande\/"},"modified":"2022-05-28T17:13:39","modified_gmt":"2022-05-28T11:13:39","slug":"bande","status":"publish","type":"product","link":"https:\/\/paradiseproductscr.com\/fr\/produit\/bande\/","title":{"rendered":"Bande"},"content":{"rendered":"<p>Bande avec diff\u00e9rents motifs traditionnels de costarrisence, tr\u00e8s color\u00e9s. Pour suspendre des badges, des cl\u00e9s, etc.<\/p>\n","protected":false},"excerpt":{"rendered":"<p>Bande avec diff\u00e9rents motifs traditionnels de costarrisence, tr\u00e8s color\u00e9s. Pour suspendre des badges, des cl\u00e9s, etc.<\/p>\n","protected":false},"featured_media":5458,"comment_status":"closed","ping_status":"closed","template":"","meta":[],"etheme_brands":[],"product_brand":[],"product_cat":[643,623],"product_tag":[653,757,749,748,750,581,747,753,754,625,751,586,752,755,756,758,626],"class_list":{"0":"post-8341","1":"product","2":"type-product","3":"status-publish","4":"has-post-thumbnail","6":"product_cat-bijou","7":"product_cat-mode","8":"product_tag-accessoires","9":"product_tag-chapeaux","10":"product_tag-chemises","11":"product_tag-chemisiers","12":"product_tag-chonete-fr","13":"product_tag-costa-rica-fr","14":"product_tag-faune","15":"product_tag-flore","16":"product_tag-masques","17":"product_tag-mode","18":"product_tag-modeles","19":"product_tag-modeles-traditionnels","20":"product_tag-modeles-uniques","21":"product_tag-pura-vida-fr","22":"product_tag-simple-fr","23":"product_tag-unisex-fr","24":"product_tag-vetement","26":"first","27":"outofstock","28":"taxable","29":"shipping-taxable","30":"purchasable","31":"product-type-variable"},"exclude_global_add_ons":[],"addons":[],"_links":{"self":[{"href":"https:\/\/paradiseproductscr.com\/fr\/wp-json\/wp\/v2\/product\/8341","targetHints":{"allow":["GET"]}}],"collection":[{"href":"https:\/\/paradiseproductscr.com\/fr\/wp-json\/wp\/v2\/product"}],"about":[{"href":"https:\/\/paradiseproductscr.com\/fr\/wp-json\/wp\/v2\/types\/product"}],"replies":[{"embeddable":true,"href":"https:\/\/paradiseproductscr.com\/fr\/wp-json\/wp\/v2\/comments?post=8341"}],"version-history":[{"count":0,"href":"https:\/\/paradiseproductscr.com\/fr\/wp-json\/wp\/v2\/product\/8341\/revisions"}],"wp:featuredmedia":[{"embeddable":true,"href":"https:\/\/paradiseproductscr.com\/fr\/wp-json\/wp\/v2\/media\/5458"}],"wp:attachment":[{"href":"https:\/\/paradiseproductscr.com\/fr\/wp-json\/wp\/v2\/media?parent=8341"}],"wp:term":[{"taxonomy":"brand","embeddable":true,"href":"https:\/\/paradiseproductscr.com\/fr\/wp-json\/wp\/v2\/etheme_brands?post=8341"},{"taxonomy":"product_brand","embeddable":true,"href":"https:\/\/paradiseproductscr.com\/fr\/wp-json\/wp\/v2\/product_brand?post=8341"},{"taxonomy":"product_cat","embeddable":true,"href":"https:\/\/paradiseproductscr.com\/fr\/wp-json\/wp\/v2\/product_cat?post=8341"},{"taxonomy":"product_tag","embeddable":true,"href":"https:\/\/paradiseproductscr.com\/fr\/wp-json\/wp\/v2\/product_tag?post=8341"}],"curies":[{"name":"wp","href":"https:\/\/api.w.org\/{rel}","templated":true}]}}