{"id":8346,"date":"2022-05-28T17:13:39","date_gmt":"2022-05-28T23:13:39","guid":{"rendered":"https:\/\/paradiseproductscr.com\/product\/bracelet-en-forme-de-coeur-grave\/"},"modified":"2022-05-28T17:13:39","modified_gmt":"2022-05-28T11:13:39","slug":"bracelet-en-forme-de-coeur-grave","status":"publish","type":"product","link":"https:\/\/paradiseproductscr.com\/fr\/produit\/bracelet-en-forme-de-coeur-grave\/","title":{"rendered":"Bracelet en forme de c\u0153ur grav\u00e9"},"content":{"rendered":"<p>Bracelet en acier grav\u00e9 enti\u00e8rement personnalis\u00e9. Mat\u00e9riau : acier.<br \/>\nTaille : Variable.<br \/>\nCouleurs disponibles : or, rose-or et argent.<br \/>\nPrix sans gravure:7000<br \/>\nPrix de la gravure : 9000<\/p>\n<p>Mesures :<br \/>\nCoeur : 1cm<br \/>\nBordure : 20,5cm<\/p>\n","protected":false},"excerpt":{"rendered":"<p>Bracelet en acier grav\u00e9 enti\u00e8rement personnalis\u00e9. Mat\u00e9riau : acier.<br \/>\nTaille : Variable.<br \/>\nCouleurs disponibles : or, rose-or et argent.<br \/>\nPrix sans gravure:7000<br \/>\nPrix de la gravure : 9000<\/p>\n<p>Mesures :<br \/>\nCoeur : 1cm<br \/>\nBordure : 20,5cm<\/p>\n","protected":false},"featured_media":5466,"comment_status":"closed","ping_status":"closed","template":"","meta":[],"etheme_brands":[],"product_brand":[],"product_cat":[643],"product_tag":[689,690,584,644,656,657,691,699,692,694,695,696,688,697,698,693,700],"class_list":{"0":"post-8346","1":"product","2":"type-product","3":"status-publish","4":"has-post-thumbnail","6":"product_cat-bijou","7":"product_tag-acier","8":"product_tag-anneaux","9":"product_tag-artisanal-fr","10":"product_tag-bijou","11":"product_tag-boucles-doreilles","12":"product_tag-boucles-doreilles-fr","13":"product_tag-bracelet-fr","14":"product_tag-bracelets-fr","15":"product_tag-colliers","16":"product_tag-dame","17":"product_tag-gravures","18":"product_tag-metal-fr","19":"product_tag-naturel","20":"product_tag-perle","21":"product_tag-pierres-precieuses","22":"product_tag-quartz-fr","23":"product_tag-roches","25":"first","26":"outofstock","27":"taxable","28":"shipping-taxable","29":"purchasable","30":"product-type-variable"},"exclude_global_add_ons":[],"addons":[],"_links":{"self":[{"href":"https:\/\/paradiseproductscr.com\/fr\/wp-json\/wp\/v2\/product\/8346","targetHints":{"allow":["GET"]}}],"collection":[{"href":"https:\/\/paradiseproductscr.com\/fr\/wp-json\/wp\/v2\/product"}],"about":[{"href":"https:\/\/paradiseproductscr.com\/fr\/wp-json\/wp\/v2\/types\/product"}],"replies":[{"embeddable":true,"href":"https:\/\/paradiseproductscr.com\/fr\/wp-json\/wp\/v2\/comments?post=8346"}],"version-history":[{"count":0,"href":"https:\/\/paradiseproductscr.com\/fr\/wp-json\/wp\/v2\/product\/8346\/revisions"}],"wp:featuredmedia":[{"embeddable":true,"href":"https:\/\/paradiseproductscr.com\/fr\/wp-json\/wp\/v2\/media\/5466"}],"wp:attachment":[{"href":"https:\/\/paradiseproductscr.com\/fr\/wp-json\/wp\/v2\/media?parent=8346"}],"wp:term":[{"taxonomy":"brand","embeddable":true,"href":"https:\/\/paradiseproductscr.com\/fr\/wp-json\/wp\/v2\/etheme_brands?post=8346"},{"taxonomy":"product_brand","embeddable":true,"href":"https:\/\/paradiseproductscr.com\/fr\/wp-json\/wp\/v2\/product_brand?post=8346"},{"taxonomy":"product_cat","embeddable":true,"href":"https:\/\/paradiseproductscr.com\/fr\/wp-json\/wp\/v2\/product_cat?post=8346"},{"taxonomy":"product_tag","embeddable":true,"href":"https:\/\/paradiseproductscr.com\/fr\/wp-json\/wp\/v2\/product_tag?post=8346"}],"curies":[{"name":"wp","href":"https:\/\/api.w.org\/{rel}","templated":true}]}}