{"id":8375,"date":"2022-05-28T17:12:33","date_gmt":"2022-05-28T23:12:33","guid":{"rendered":"https:\/\/paradiseproductscr.com\/product\/chaine-a-double-coeur\/"},"modified":"2022-05-28T17:12:33","modified_gmt":"2022-05-28T11:12:33","slug":"chaine-a-double-coeur","status":"publish","type":"product","link":"https:\/\/paradiseproductscr.com\/fr\/produit\/chaine-a-double-coeur\/","title":{"rendered":"Cha\u00eene \u00e0 double c\u0153ur"},"content":{"rendered":"<p>Juego de cadenas chapadas en oro con dijes en forma de coraz\u00f3n.<\/p>\n","protected":false},"excerpt":{"rendered":"<p>Juego de cadenas chapadas en oro con dijes en forma de coraz\u00f3n.<\/p>\n","protected":false},"featured_media":5440,"comment_status":"closed","ping_status":"closed","template":"","meta":[],"etheme_brands":[],"product_brand":[],"product_cat":[643],"product_tag":[689,690,584,644,656,657,691,699,692,694,695,696,688,697,698,693,700],"class_list":{"0":"post-8375","1":"product","2":"type-product","3":"status-publish","4":"has-post-thumbnail","6":"product_cat-bijou","7":"product_tag-acier","8":"product_tag-anneaux","9":"product_tag-artisanal-fr","10":"product_tag-bijou","11":"product_tag-boucles-doreilles","12":"product_tag-boucles-doreilles-fr","13":"product_tag-bracelet-fr","14":"product_tag-bracelets-fr","15":"product_tag-colliers","16":"product_tag-dame","17":"product_tag-gravures","18":"product_tag-metal-fr","19":"product_tag-naturel","20":"product_tag-perle","21":"product_tag-pierres-precieuses","22":"product_tag-quartz-fr","23":"product_tag-roches","25":"first","26":"outofstock","27":"taxable","28":"shipping-taxable","29":"purchasable","30":"product-type-simple"},"exclude_global_add_ons":[],"addons":[],"_links":{"self":[{"href":"https:\/\/paradiseproductscr.com\/fr\/wp-json\/wp\/v2\/product\/8375","targetHints":{"allow":["GET"]}}],"collection":[{"href":"https:\/\/paradiseproductscr.com\/fr\/wp-json\/wp\/v2\/product"}],"about":[{"href":"https:\/\/paradiseproductscr.com\/fr\/wp-json\/wp\/v2\/types\/product"}],"replies":[{"embeddable":true,"href":"https:\/\/paradiseproductscr.com\/fr\/wp-json\/wp\/v2\/comments?post=8375"}],"version-history":[{"count":0,"href":"https:\/\/paradiseproductscr.com\/fr\/wp-json\/wp\/v2\/product\/8375\/revisions"}],"wp:featuredmedia":[{"embeddable":true,"href":"https:\/\/paradiseproductscr.com\/fr\/wp-json\/wp\/v2\/media\/5440"}],"wp:attachment":[{"href":"https:\/\/paradiseproductscr.com\/fr\/wp-json\/wp\/v2\/media?parent=8375"}],"wp:term":[{"taxonomy":"brand","embeddable":true,"href":"https:\/\/paradiseproductscr.com\/fr\/wp-json\/wp\/v2\/etheme_brands?post=8375"},{"taxonomy":"product_brand","embeddable":true,"href":"https:\/\/paradiseproductscr.com\/fr\/wp-json\/wp\/v2\/product_brand?post=8375"},{"taxonomy":"product_cat","embeddable":true,"href":"https:\/\/paradiseproductscr.com\/fr\/wp-json\/wp\/v2\/product_cat?post=8375"},{"taxonomy":"product_tag","embeddable":true,"href":"https:\/\/paradiseproductscr.com\/fr\/wp-json\/wp\/v2\/product_tag?post=8375"}],"curies":[{"name":"wp","href":"https:\/\/api.w.org\/{rel}","templated":true}]}}