{"id":8401,"date":"2022-05-28T17:12:09","date_gmt":"2022-05-28T11:12:09","guid":{"rendered":"https:\/\/paradiseproductscr.com\/product\/jardiniere-hormiguitas\/"},"modified":"2022-05-28T17:12:09","modified_gmt":"2022-05-28T11:12:09","slug":"jardiniere-hormiguitas","status":"publish","type":"product","link":"https:\/\/paradiseproductscr.com\/fr\/produit\/jardiniere-hormiguitas\/","title":{"rendered":"Jardini\u00e8re Hormiguitas"},"content":{"rendered":"<p>Jardini\u00e8re en forme de fourmi, fabriqu\u00e9e avec des pierres de rivi\u00e8re.<\/p>\n","protected":false},"excerpt":{"rendered":"<p>Jardini\u00e8re en forme de fourmi, fabriqu\u00e9e avec des pierres de rivi\u00e8re.<\/p>\n","protected":false},"featured_media":5404,"comment_status":"closed","ping_status":"closed","template":"","meta":[],"etheme_brands":[],"product_brand":[],"product_cat":[579,638],"product_tag":[760,761,771,762,582,763,654,765,587,764,766,767,770,752,759,772,769,768,700],"class_list":{"0":"post-8401","1":"product","2":"type-product","3":"status-publish","4":"has-post-thumbnail","6":"product_cat-foyer","7":"product_cat-meubles-fr","8":"product_tag-art","9":"product_tag-artiste","10":"product_tag-cour","11":"product_tag-creatif","12":"product_tag-decoration-fr","13":"product_tag-faiseur-de-reves","14":"product_tag-fait-a-la-main","15":"product_tag-fourmis","16":"product_tag-foyer","17":"product_tag-gardiens-du-jardin","18":"product_tag-innovant","19":"product_tag-jardin-fr","20":"product_tag-matera-fr","21":"product_tag-modeles-uniques","22":"product_tag-ornement","23":"product_tag-plantes","24":"product_tag-pot-de-fleurs","25":"product_tag-pots-fr","26":"product_tag-roches","28":"first","29":"outofstock","30":"taxable","31":"shipping-taxable","32":"purchasable","33":"product-type-simple"},"exclude_global_add_ons":[],"addons":[],"_links":{"self":[{"href":"https:\/\/paradiseproductscr.com\/fr\/wp-json\/wp\/v2\/product\/8401","targetHints":{"allow":["GET"]}}],"collection":[{"href":"https:\/\/paradiseproductscr.com\/fr\/wp-json\/wp\/v2\/product"}],"about":[{"href":"https:\/\/paradiseproductscr.com\/fr\/wp-json\/wp\/v2\/types\/product"}],"replies":[{"embeddable":true,"href":"https:\/\/paradiseproductscr.com\/fr\/wp-json\/wp\/v2\/comments?post=8401"}],"version-history":[{"count":0,"href":"https:\/\/paradiseproductscr.com\/fr\/wp-json\/wp\/v2\/product\/8401\/revisions"}],"wp:featuredmedia":[{"embeddable":true,"href":"https:\/\/paradiseproductscr.com\/fr\/wp-json\/wp\/v2\/media\/5404"}],"wp:attachment":[{"href":"https:\/\/paradiseproductscr.com\/fr\/wp-json\/wp\/v2\/media?parent=8401"}],"wp:term":[{"taxonomy":"brand","embeddable":true,"href":"https:\/\/paradiseproductscr.com\/fr\/wp-json\/wp\/v2\/etheme_brands?post=8401"},{"taxonomy":"product_brand","embeddable":true,"href":"https:\/\/paradiseproductscr.com\/fr\/wp-json\/wp\/v2\/product_brand?post=8401"},{"taxonomy":"product_cat","embeddable":true,"href":"https:\/\/paradiseproductscr.com\/fr\/wp-json\/wp\/v2\/product_cat?post=8401"},{"taxonomy":"product_tag","embeddable":true,"href":"https:\/\/paradiseproductscr.com\/fr\/wp-json\/wp\/v2\/product_tag?post=8401"}],"curies":[{"name":"wp","href":"https:\/\/api.w.org\/{rel}","templated":true}]}}