{"id":8409,"date":"2022-05-28T17:12:09","date_gmt":"2022-05-28T11:12:09","guid":{"rendered":"https:\/\/paradiseproductscr.com\/product\/theiere-et-tasses-peintes-a-la-main\/"},"modified":"2022-05-28T17:12:09","modified_gmt":"2022-05-28T11:12:09","slug":"theiere-et-tasses-peintes-a-la-main","status":"publish","type":"product","link":"https:\/\/paradiseproductscr.com\/fr\/produit\/theiere-et-tasses-peintes-a-la-main\/","title":{"rendered":"Th\u00e9i\u00e8re et tasses peintes \u00e0 la main"},"content":{"rendered":"<p>Th\u00e9i\u00e8re et tasses peintes \u00e0 la main \u00e0 Sarchi Costa Rica con\u00e7u par Colochos<\/p>\n","protected":false},"excerpt":{"rendered":"<p>Th\u00e9i\u00e8re et tasses peintes \u00e0 la main \u00e0 Sarchi Costa Rica con\u00e7u par Colochos<\/p>\n","protected":false},"featured_media":5414,"comment_status":"closed","ping_status":"closed","template":"","meta":[],"etheme_brands":[],"product_brand":[],"product_cat":[605,579],"product_tag":[583,584,588,581,585,582,587,589,586,590,591,592],"class_list":{"0":"post-8409","1":"product","2":"type-product","3":"status-publish","4":"has-post-thumbnail","6":"product_cat-cuisine","7":"product_cat-foyer","8":"product_tag-art-traditionnel","9":"product_tag-artisanal-fr","10":"product_tag-bois","11":"product_tag-costa-rica-fr","12":"product_tag-cuisine","13":"product_tag-decoration-fr","14":"product_tag-foyer","15":"product_tag-marque-nationale","16":"product_tag-modeles-traditionnels","17":"product_tag-peint-a-la-main","18":"product_tag-sarchi-fr","19":"product_tag-sarchivirtual-fr","21":"first","22":"outofstock","23":"taxable","24":"shipping-taxable","25":"purchasable","26":"product-type-simple"},"exclude_global_add_ons":[],"addons":[],"_links":{"self":[{"href":"https:\/\/paradiseproductscr.com\/fr\/wp-json\/wp\/v2\/product\/8409","targetHints":{"allow":["GET"]}}],"collection":[{"href":"https:\/\/paradiseproductscr.com\/fr\/wp-json\/wp\/v2\/product"}],"about":[{"href":"https:\/\/paradiseproductscr.com\/fr\/wp-json\/wp\/v2\/types\/product"}],"replies":[{"embeddable":true,"href":"https:\/\/paradiseproductscr.com\/fr\/wp-json\/wp\/v2\/comments?post=8409"}],"version-history":[{"count":0,"href":"https:\/\/paradiseproductscr.com\/fr\/wp-json\/wp\/v2\/product\/8409\/revisions"}],"wp:featuredmedia":[{"embeddable":true,"href":"https:\/\/paradiseproductscr.com\/fr\/wp-json\/wp\/v2\/media\/5414"}],"wp:attachment":[{"href":"https:\/\/paradiseproductscr.com\/fr\/wp-json\/wp\/v2\/media?parent=8409"}],"wp:term":[{"taxonomy":"brand","embeddable":true,"href":"https:\/\/paradiseproductscr.com\/fr\/wp-json\/wp\/v2\/etheme_brands?post=8409"},{"taxonomy":"product_brand","embeddable":true,"href":"https:\/\/paradiseproductscr.com\/fr\/wp-json\/wp\/v2\/product_brand?post=8409"},{"taxonomy":"product_cat","embeddable":true,"href":"https:\/\/paradiseproductscr.com\/fr\/wp-json\/wp\/v2\/product_cat?post=8409"},{"taxonomy":"product_tag","embeddable":true,"href":"https:\/\/paradiseproductscr.com\/fr\/wp-json\/wp\/v2\/product_tag?post=8409"}],"curies":[{"name":"wp","href":"https:\/\/api.w.org\/{rel}","templated":true}]}}